{"id":422,"date":"2021-03-05T14:04:28","date_gmt":"2021-03-05T12:04:28","guid":{"rendered":"https:\/\/shirtshop.ee\/?post_type=product&#038;p=422"},"modified":"2023-12-14T15:28:33","modified_gmt":"2023-12-14T13:28:33","slug":"save-our-species-toad","status":"publish","type":"product","link":"https:\/\/shirtshop.ee\/et\/toode\/save-our-species-toad\/","title":{"rendered":"SOS - Juttselg-k\u00e4rnkonn"},"content":{"rendered":"<p>100% puuvill, siiditr\u00fckk. Bee\u017eikas-valge saadaval kaupluses.<\/p>","protected":false},"excerpt":{"rendered":"<p>Juttselg-k\u00e4rnkonn on ohustatud loomaliigina kirjas Punases Raamatus.<br \/>\nValge s\u00e4rk, Unisex<\/p>","protected":false},"featured_media":575,"template":"","meta":{"_monsterinsights_skip_tracking":false,"_monsterinsights_sitenote_active":false,"_monsterinsights_sitenote_note":"","_monsterinsights_sitenote_category":0},"product_brand":[],"product_cat":[19,15],"product_tag":[47],"class_list":{"0":"post-422","1":"product","2":"type-product","3":"status-publish","4":"has-post-thumbnail","6":"product_cat-kids","7":"product_cat-unisex","8":"product_tag-nature","10":"first","11":"instock","12":"taxable","13":"shipping-taxable","14":"purchasable","15":"product-type-variable"},"barcode":null,"atum_controlled":true,"out_stock_date":null,"out_stock_threshold":null,"inheritable":true,"stock_on_hold":0,"sold_today":0,"sales_last_days":0,"reserved_stock":0,"customer_returns":0,"warehouse_damage":0,"lost_in_post":0,"other_logs":0,"out_stock_days":0,"lost_sales":0,"update_date":"2026-04-15T00:51:04","atum_locations":[],"atum_stock_status":"instock","restock_status":false,"low_stock_amount":"","sales_update_date":"2026-04-15T00:51:04","calc_backorders":null,"yoast_head":"<!-- This site is optimized with the Yoast SEO plugin v27.4 - https:\/\/yoast.com\/product\/yoast-seo-wordpress\/ -->\n<title>Save Our Species - Frogs - Short Leg Shirt Shop<\/title>\n<meta name=\"robots\" content=\"index, follow, max-snippet:-1, max-image-preview:large, max-video-preview:-1\" \/>\n<link rel=\"canonical\" href=\"https:\/\/shirtshop.ee\/et\/toode\/save-our-species-toad\/\" \/>\n<meta property=\"og:locale\" content=\"et_EE\" \/>\n<meta property=\"og:type\" content=\"article\" \/>\n<meta property=\"og:title\" content=\"Save Our Species - Frogs - Short Leg Shirt Shop\" \/>\n<meta property=\"og:description\" content=\"Bufo calamita, the natterjack toad, is an endangered species found in Estonia. White shirt in unisex style.\" \/>\n<meta property=\"og:url\" content=\"https:\/\/shirtshop.ee\/et\/toode\/save-our-species-toad\/\" \/>\n<meta property=\"og:site_name\" content=\"Short Leg Shirt Shop\" \/>\n<meta property=\"article:publisher\" content=\"https:\/\/www.facebook.com\/ShortLegShirtShop\/\" \/>\n<meta property=\"article:modified_time\" content=\"2023-12-14T13:28:33+00:00\" \/>\n<meta property=\"og:image\" content=\"https:\/\/shirtshop.ee\/wp-content\/uploads\/2021\/03\/Tallinn-tshirt-22.jpg\" \/>\n\t<meta property=\"og:image:width\" content=\"1600\" \/>\n\t<meta property=\"og:image:height\" content=\"1600\" \/>\n\t<meta property=\"og:image:type\" content=\"image\/jpeg\" \/>\n<meta name=\"twitter:card\" content=\"summary_large_image\" \/>\n<script type=\"application\/ld+json\" class=\"yoast-schema-graph\">{\"@context\":\"https:\\\/\\\/schema.org\",\"@graph\":[{\"@type\":\"WebPage\",\"@id\":\"https:\\\/\\\/shirtshop.ee\\\/product\\\/save-our-species-toad\\\/\",\"url\":\"https:\\\/\\\/shirtshop.ee\\\/product\\\/save-our-species-toad\\\/\",\"name\":\"Save Our Species - Frogs - Short Leg Shirt Shop\",\"isPartOf\":{\"@id\":\"https:\\\/\\\/shirtshop.ee\\\/et\\\/#website\"},\"primaryImageOfPage\":{\"@id\":\"https:\\\/\\\/shirtshop.ee\\\/product\\\/save-our-species-toad\\\/#primaryimage\"},\"image\":{\"@id\":\"https:\\\/\\\/shirtshop.ee\\\/product\\\/save-our-species-toad\\\/#primaryimage\"},\"thumbnailUrl\":\"https:\\\/\\\/shirtshop.ee\\\/wp-content\\\/uploads\\\/2021\\\/03\\\/Tallinn-tshirt-22.jpg\",\"datePublished\":\"2021-03-05T12:04:28+00:00\",\"dateModified\":\"2023-12-14T13:28:33+00:00\",\"breadcrumb\":{\"@id\":\"https:\\\/\\\/shirtshop.ee\\\/product\\\/save-our-species-toad\\\/#breadcrumb\"},\"inLanguage\":\"et\",\"potentialAction\":[{\"@type\":\"ReadAction\",\"target\":[\"https:\\\/\\\/shirtshop.ee\\\/product\\\/save-our-species-toad\\\/\"]}]},{\"@type\":\"ImageObject\",\"inLanguage\":\"et\",\"@id\":\"https:\\\/\\\/shirtshop.ee\\\/product\\\/save-our-species-toad\\\/#primaryimage\",\"url\":\"https:\\\/\\\/shirtshop.ee\\\/wp-content\\\/uploads\\\/2021\\\/03\\\/Tallinn-tshirt-22.jpg\",\"contentUrl\":\"https:\\\/\\\/shirtshop.ee\\\/wp-content\\\/uploads\\\/2021\\\/03\\\/Tallinn-tshirt-22.jpg\",\"width\":1600,\"height\":1600},{\"@type\":\"BreadcrumbList\",\"@id\":\"https:\\\/\\\/shirtshop.ee\\\/product\\\/save-our-species-toad\\\/#breadcrumb\",\"itemListElement\":[{\"@type\":\"ListItem\",\"position\":1,\"name\":\"Home\",\"item\":\"https:\\\/\\\/shirtshop.ee\\\/et\\\/\"},{\"@type\":\"ListItem\",\"position\":2,\"name\":\"T-shirts\",\"item\":\"https:\\\/\\\/shirtshop.ee\\\/et\\\/shop\\\/\"},{\"@type\":\"ListItem\",\"position\":3,\"name\":\"Save Our Species &#8211; Frogs\"}]},{\"@type\":\"WebSite\",\"@id\":\"https:\\\/\\\/shirtshop.ee\\\/et\\\/#website\",\"url\":\"https:\\\/\\\/shirtshop.ee\\\/et\\\/\",\"name\":\"Short Leg Shirt Shop\",\"description\":\"Eesti disain t-s\u00e4rgid\",\"publisher\":{\"@id\":\"https:\\\/\\\/shirtshop.ee\\\/et\\\/#organization\"},\"potentialAction\":[{\"@type\":\"SearchAction\",\"target\":{\"@type\":\"EntryPoint\",\"urlTemplate\":\"https:\\\/\\\/shirtshop.ee\\\/et\\\/?s={search_term_string}\"},\"query-input\":{\"@type\":\"PropertyValueSpecification\",\"valueRequired\":true,\"valueName\":\"search_term_string\"}}],\"inLanguage\":\"et\"},{\"@type\":\"Organization\",\"@id\":\"https:\\\/\\\/shirtshop.ee\\\/et\\\/#organization\",\"name\":\"Short Leg Shirt Shop\",\"url\":\"https:\\\/\\\/shirtshop.ee\\\/et\\\/\",\"logo\":{\"@type\":\"ImageObject\",\"inLanguage\":\"et\",\"@id\":\"https:\\\/\\\/shirtshop.ee\\\/et\\\/#\\\/schema\\\/logo\\\/image\\\/\",\"url\":\"https:\\\/\\\/www.shirtshop.ee\\\/wp-content\\\/uploads\\\/2021\\\/01\\\/logo-85.gif\",\"contentUrl\":\"https:\\\/\\\/www.shirtshop.ee\\\/wp-content\\\/uploads\\\/2021\\\/01\\\/logo-85.gif\",\"width\":554,\"height\":512,\"caption\":\"Short Leg Shirt Shop\"},\"image\":{\"@id\":\"https:\\\/\\\/shirtshop.ee\\\/et\\\/#\\\/schema\\\/logo\\\/image\\\/\"},\"sameAs\":[\"https:\\\/\\\/www.facebook.com\\\/ShortLegShirtShop\\\/\"]}]}<\/script>\n<!-- \/ Yoast SEO plugin. -->","yoast_head_json":{"title":"Save Our Species - Frogs - Short Leg Shirt Shop","robots":{"index":"index","follow":"follow","max-snippet":"max-snippet:-1","max-image-preview":"max-image-preview:large","max-video-preview":"max-video-preview:-1"},"canonical":"https:\/\/shirtshop.ee\/et\/toode\/save-our-species-toad\/","og_locale":"et_EE","og_type":"article","og_title":"Save Our Species - Frogs - Short Leg Shirt Shop","og_description":"Bufo calamita, the natterjack toad, is an endangered species found in Estonia. White shirt in unisex style.","og_url":"https:\/\/shirtshop.ee\/et\/toode\/save-our-species-toad\/","og_site_name":"Short Leg Shirt Shop","article_publisher":"https:\/\/www.facebook.com\/ShortLegShirtShop\/","article_modified_time":"2023-12-14T13:28:33+00:00","og_image":[{"width":1600,"height":1600,"url":"https:\/\/shirtshop.ee\/wp-content\/uploads\/2021\/03\/Tallinn-tshirt-22.jpg","type":"image\/jpeg"}],"twitter_card":"summary_large_image","schema":{"@context":"https:\/\/schema.org","@graph":[{"@type":"WebPage","@id":"https:\/\/shirtshop.ee\/product\/save-our-species-toad\/","url":"https:\/\/shirtshop.ee\/product\/save-our-species-toad\/","name":"Save Our Species - Frogs - Short Leg Shirt Shop","isPartOf":{"@id":"https:\/\/shirtshop.ee\/et\/#website"},"primaryImageOfPage":{"@id":"https:\/\/shirtshop.ee\/product\/save-our-species-toad\/#primaryimage"},"image":{"@id":"https:\/\/shirtshop.ee\/product\/save-our-species-toad\/#primaryimage"},"thumbnailUrl":"https:\/\/shirtshop.ee\/wp-content\/uploads\/2021\/03\/Tallinn-tshirt-22.jpg","datePublished":"2021-03-05T12:04:28+00:00","dateModified":"2023-12-14T13:28:33+00:00","breadcrumb":{"@id":"https:\/\/shirtshop.ee\/product\/save-our-species-toad\/#breadcrumb"},"inLanguage":"et","potentialAction":[{"@type":"ReadAction","target":["https:\/\/shirtshop.ee\/product\/save-our-species-toad\/"]}]},{"@type":"ImageObject","inLanguage":"et","@id":"https:\/\/shirtshop.ee\/product\/save-our-species-toad\/#primaryimage","url":"https:\/\/shirtshop.ee\/wp-content\/uploads\/2021\/03\/Tallinn-tshirt-22.jpg","contentUrl":"https:\/\/shirtshop.ee\/wp-content\/uploads\/2021\/03\/Tallinn-tshirt-22.jpg","width":1600,"height":1600},{"@type":"BreadcrumbList","@id":"https:\/\/shirtshop.ee\/product\/save-our-species-toad\/#breadcrumb","itemListElement":[{"@type":"ListItem","position":1,"name":"Home","item":"https:\/\/shirtshop.ee\/et\/"},{"@type":"ListItem","position":2,"name":"T-shirts","item":"https:\/\/shirtshop.ee\/et\/shop\/"},{"@type":"ListItem","position":3,"name":"Save Our Species &#8211; Frogs"}]},{"@type":"WebSite","@id":"https:\/\/shirtshop.ee\/et\/#website","url":"https:\/\/shirtshop.ee\/et\/","name":"Short Leg Shirt Shop","description":"Eesti disain t-s\u00e4rgid","publisher":{"@id":"https:\/\/shirtshop.ee\/et\/#organization"},"potentialAction":[{"@type":"SearchAction","target":{"@type":"EntryPoint","urlTemplate":"https:\/\/shirtshop.ee\/et\/?s={search_term_string}"},"query-input":{"@type":"PropertyValueSpecification","valueRequired":true,"valueName":"search_term_string"}}],"inLanguage":"et"},{"@type":"Organization","@id":"https:\/\/shirtshop.ee\/et\/#organization","name":"Short Leg Shirt Shop","url":"https:\/\/shirtshop.ee\/et\/","logo":{"@type":"ImageObject","inLanguage":"et","@id":"https:\/\/shirtshop.ee\/et\/#\/schema\/logo\/image\/","url":"https:\/\/www.shirtshop.ee\/wp-content\/uploads\/2021\/01\/logo-85.gif","contentUrl":"https:\/\/www.shirtshop.ee\/wp-content\/uploads\/2021\/01\/logo-85.gif","width":554,"height":512,"caption":"Short Leg Shirt Shop"},"image":{"@id":"https:\/\/shirtshop.ee\/et\/#\/schema\/logo\/image\/"},"sameAs":["https:\/\/www.facebook.com\/ShortLegShirtShop\/"]}]}},"_links":{"self":[{"href":"https:\/\/shirtshop.ee\/et\/wp-json\/wp\/v2\/product\/422","targetHints":{"allow":["GET"]}}],"collection":[{"href":"https:\/\/shirtshop.ee\/et\/wp-json\/wp\/v2\/product"}],"about":[{"href":"https:\/\/shirtshop.ee\/et\/wp-json\/wp\/v2\/types\/product"}],"wp:featuredmedia":[{"embeddable":true,"href":"https:\/\/shirtshop.ee\/et\/wp-json\/wp\/v2\/media\/575"}],"wp:attachment":[{"href":"https:\/\/shirtshop.ee\/et\/wp-json\/wp\/v2\/media?parent=422"}],"wp:term":[{"taxonomy":"product_brand","embeddable":true,"href":"https:\/\/shirtshop.ee\/et\/wp-json\/wp\/v2\/product_brand?post=422"},{"taxonomy":"product_cat","embeddable":true,"href":"https:\/\/shirtshop.ee\/et\/wp-json\/wp\/v2\/product_cat?post=422"},{"taxonomy":"product_tag","embeddable":true,"href":"https:\/\/shirtshop.ee\/et\/wp-json\/wp\/v2\/product_tag?post=422"}],"curies":[{"name":"wp","href":"https:\/\/api.w.org\/{rel}","templated":true}]}}