{"id":277,"date":"2021-02-16T18:44:01","date_gmt":"2021-02-16T16:44:01","guid":{"rendered":"https:\/\/shirtshop.ee\/?post_type=product&#038;p=277"},"modified":"2025-11-15T17:53:08","modified_gmt":"2025-11-15T15:53:08","slug":"bag-traveler-juri-arrak","status":"publish","type":"product","link":"https:\/\/shirtshop.ee\/et\/toode\/bag-traveler-juri-arrak\/","title":{"rendered":"Kott R\u00e4ndaja - J\u00fcri Arrak"},"content":{"rendered":"<p>Puuvillane kott, siiditr\u00fckk. Koti m\u00f5\u00f5dud 42x38cm, sangad 33cm (66cm sangade kogupikkus).<br \/>\nBlack with gray print, blue with yellow print &#8211; ask for availability! info@shirtshop.ee<br \/>\n.<\/p>","protected":false},"excerpt":{"rendered":"<p>Canvas bag, 100% cotton, silkscreen print. 42x38cm, handle height 33cm. Black with gray print, blue with yellow print &#8211; ask<span class=\"more-dots\">&#8230;<\/span><\/p>","protected":false},"featured_media":1464,"template":"","meta":{"_monsterinsights_skip_tracking":false,"_monsterinsights_sitenote_active":false,"_monsterinsights_sitenote_note":"","_monsterinsights_sitenote_category":0},"product_brand":[],"product_cat":[15,18],"product_tag":[58,48],"class_list":{"0":"post-277","1":"product","2":"type-product","3":"status-publish","4":"has-post-thumbnail","6":"product_cat-unisex","7":"product_cat-women","8":"product_tag-arrak","9":"product_tag-art","11":"first","12":"instock","13":"taxable","14":"shipping-taxable","15":"purchasable","16":"product-type-simple"},"barcode":null,"atum_controlled":true,"out_stock_date":null,"out_stock_threshold":null,"inheritable":false,"stock_on_hold":2,"sold_today":0,"sales_last_days":0,"reserved_stock":0,"customer_returns":0,"warehouse_damage":0,"lost_in_post":0,"other_logs":0,"out_stock_days":0,"lost_sales":0,"update_date":"2026-04-25T01:19:30","atum_locations":[],"atum_stock_status":"instock","restock_status":false,"low_stock_amount":"","sales_update_date":"2026-04-25T01:19:30","calc_backorders":null,"yoast_head":"<!-- This site is optimized with the Yoast SEO plugin v27.4 - https:\/\/yoast.com\/product\/yoast-seo-wordpress\/ -->\n<title>Bag Traveler - J\u00fcri Arrak - Short Leg Shirt Shop<\/title>\n<meta name=\"robots\" content=\"index, follow, max-snippet:-1, max-image-preview:large, max-video-preview:-1\" \/>\n<link rel=\"canonical\" href=\"https:\/\/shirtshop.ee\/et\/toode\/bag-traveler-juri-arrak\/\" \/>\n<meta property=\"og:locale\" content=\"et_EE\" \/>\n<meta property=\"og:type\" content=\"article\" \/>\n<meta property=\"og:title\" content=\"Bag Traveler - J\u00fcri Arrak - Short Leg Shirt Shop\" \/>\n<meta property=\"og:description\" content=\"Canvas bag, 100% cotton, silkscreen print. 42x38cm, handle height 33cm. Black with gray print, blue with yellow print &#8211; ask...\" \/>\n<meta property=\"og:url\" content=\"https:\/\/shirtshop.ee\/et\/toode\/bag-traveler-juri-arrak\/\" \/>\n<meta property=\"og:site_name\" content=\"Short Leg Shirt Shop\" \/>\n<meta property=\"article:publisher\" content=\"https:\/\/www.facebook.com\/ShortLegShirtShop\/\" \/>\n<meta property=\"article:modified_time\" content=\"2025-11-15T15:53:08+00:00\" \/>\n<meta property=\"og:image\" content=\"https:\/\/shirtshop.ee\/wp-content\/uploads\/2021\/02\/Tallinn-kott-Arrak-1.jpg\" \/>\n\t<meta property=\"og:image:width\" content=\"1600\" \/>\n\t<meta property=\"og:image:height\" content=\"1600\" \/>\n\t<meta property=\"og:image:type\" content=\"image\/jpeg\" \/>\n<meta name=\"twitter:card\" content=\"summary_large_image\" \/>\n<script type=\"application\/ld+json\" class=\"yoast-schema-graph\">{\"@context\":\"https:\\\/\\\/schema.org\",\"@graph\":[{\"@type\":\"WebPage\",\"@id\":\"https:\\\/\\\/shirtshop.ee\\\/product\\\/bag-traveler-juri-arrak\\\/\",\"url\":\"https:\\\/\\\/shirtshop.ee\\\/product\\\/bag-traveler-juri-arrak\\\/\",\"name\":\"Bag Traveler - J\u00fcri Arrak - Short Leg Shirt Shop\",\"isPartOf\":{\"@id\":\"https:\\\/\\\/shirtshop.ee\\\/et\\\/#website\"},\"primaryImageOfPage\":{\"@id\":\"https:\\\/\\\/shirtshop.ee\\\/product\\\/bag-traveler-juri-arrak\\\/#primaryimage\"},\"image\":{\"@id\":\"https:\\\/\\\/shirtshop.ee\\\/product\\\/bag-traveler-juri-arrak\\\/#primaryimage\"},\"thumbnailUrl\":\"https:\\\/\\\/shirtshop.ee\\\/wp-content\\\/uploads\\\/2021\\\/02\\\/Tallinn-kott-Arrak-1.jpg\",\"datePublished\":\"2021-02-16T16:44:01+00:00\",\"dateModified\":\"2025-11-15T15:53:08+00:00\",\"breadcrumb\":{\"@id\":\"https:\\\/\\\/shirtshop.ee\\\/product\\\/bag-traveler-juri-arrak\\\/#breadcrumb\"},\"inLanguage\":\"et\",\"potentialAction\":[{\"@type\":\"ReadAction\",\"target\":[\"https:\\\/\\\/shirtshop.ee\\\/product\\\/bag-traveler-juri-arrak\\\/\"]}]},{\"@type\":\"ImageObject\",\"inLanguage\":\"et\",\"@id\":\"https:\\\/\\\/shirtshop.ee\\\/product\\\/bag-traveler-juri-arrak\\\/#primaryimage\",\"url\":\"https:\\\/\\\/shirtshop.ee\\\/wp-content\\\/uploads\\\/2021\\\/02\\\/Tallinn-kott-Arrak-1.jpg\",\"contentUrl\":\"https:\\\/\\\/shirtshop.ee\\\/wp-content\\\/uploads\\\/2021\\\/02\\\/Tallinn-kott-Arrak-1.jpg\",\"width\":1600,\"height\":1600,\"caption\":\"J\u00fcri Arrak cotton bag\"},{\"@type\":\"BreadcrumbList\",\"@id\":\"https:\\\/\\\/shirtshop.ee\\\/product\\\/bag-traveler-juri-arrak\\\/#breadcrumb\",\"itemListElement\":[{\"@type\":\"ListItem\",\"position\":1,\"name\":\"Home\",\"item\":\"https:\\\/\\\/shirtshop.ee\\\/et\\\/\"},{\"@type\":\"ListItem\",\"position\":2,\"name\":\"T-shirts\",\"item\":\"https:\\\/\\\/shirtshop.ee\\\/et\\\/shop\\\/\"},{\"@type\":\"ListItem\",\"position\":3,\"name\":\"Bag Traveler &#8211; J\u00fcri Arrak\"}]},{\"@type\":\"WebSite\",\"@id\":\"https:\\\/\\\/shirtshop.ee\\\/et\\\/#website\",\"url\":\"https:\\\/\\\/shirtshop.ee\\\/et\\\/\",\"name\":\"Short Leg Shirt Shop\",\"description\":\"Eesti disain t-s\u00e4rgid\",\"publisher\":{\"@id\":\"https:\\\/\\\/shirtshop.ee\\\/et\\\/#organization\"},\"potentialAction\":[{\"@type\":\"SearchAction\",\"target\":{\"@type\":\"EntryPoint\",\"urlTemplate\":\"https:\\\/\\\/shirtshop.ee\\\/et\\\/?s={search_term_string}\"},\"query-input\":{\"@type\":\"PropertyValueSpecification\",\"valueRequired\":true,\"valueName\":\"search_term_string\"}}],\"inLanguage\":\"et\"},{\"@type\":\"Organization\",\"@id\":\"https:\\\/\\\/shirtshop.ee\\\/et\\\/#organization\",\"name\":\"Short Leg Shirt Shop\",\"url\":\"https:\\\/\\\/shirtshop.ee\\\/et\\\/\",\"logo\":{\"@type\":\"ImageObject\",\"inLanguage\":\"et\",\"@id\":\"https:\\\/\\\/shirtshop.ee\\\/et\\\/#\\\/schema\\\/logo\\\/image\\\/\",\"url\":\"https:\\\/\\\/www.shirtshop.ee\\\/wp-content\\\/uploads\\\/2021\\\/01\\\/logo-85.gif\",\"contentUrl\":\"https:\\\/\\\/www.shirtshop.ee\\\/wp-content\\\/uploads\\\/2021\\\/01\\\/logo-85.gif\",\"width\":554,\"height\":512,\"caption\":\"Short Leg Shirt Shop\"},\"image\":{\"@id\":\"https:\\\/\\\/shirtshop.ee\\\/et\\\/#\\\/schema\\\/logo\\\/image\\\/\"},\"sameAs\":[\"https:\\\/\\\/www.facebook.com\\\/ShortLegShirtShop\\\/\"]}]}<\/script>\n<!-- \/ Yoast SEO plugin. -->","yoast_head_json":{"title":"Bag Traveler - J\u00fcri Arrak - Short Leg Shirt Shop","robots":{"index":"index","follow":"follow","max-snippet":"max-snippet:-1","max-image-preview":"max-image-preview:large","max-video-preview":"max-video-preview:-1"},"canonical":"https:\/\/shirtshop.ee\/et\/toode\/bag-traveler-juri-arrak\/","og_locale":"et_EE","og_type":"article","og_title":"Bag Traveler - J\u00fcri Arrak - Short Leg Shirt Shop","og_description":"Canvas bag, 100% cotton, silkscreen print. 42x38cm, handle height 33cm. Black with gray print, blue with yellow print &#8211; ask...","og_url":"https:\/\/shirtshop.ee\/et\/toode\/bag-traveler-juri-arrak\/","og_site_name":"Short Leg Shirt Shop","article_publisher":"https:\/\/www.facebook.com\/ShortLegShirtShop\/","article_modified_time":"2025-11-15T15:53:08+00:00","og_image":[{"width":1600,"height":1600,"url":"https:\/\/shirtshop.ee\/wp-content\/uploads\/2021\/02\/Tallinn-kott-Arrak-1.jpg","type":"image\/jpeg"}],"twitter_card":"summary_large_image","schema":{"@context":"https:\/\/schema.org","@graph":[{"@type":"WebPage","@id":"https:\/\/shirtshop.ee\/product\/bag-traveler-juri-arrak\/","url":"https:\/\/shirtshop.ee\/product\/bag-traveler-juri-arrak\/","name":"Bag Traveler - J\u00fcri Arrak - Short Leg Shirt Shop","isPartOf":{"@id":"https:\/\/shirtshop.ee\/et\/#website"},"primaryImageOfPage":{"@id":"https:\/\/shirtshop.ee\/product\/bag-traveler-juri-arrak\/#primaryimage"},"image":{"@id":"https:\/\/shirtshop.ee\/product\/bag-traveler-juri-arrak\/#primaryimage"},"thumbnailUrl":"https:\/\/shirtshop.ee\/wp-content\/uploads\/2021\/02\/Tallinn-kott-Arrak-1.jpg","datePublished":"2021-02-16T16:44:01+00:00","dateModified":"2025-11-15T15:53:08+00:00","breadcrumb":{"@id":"https:\/\/shirtshop.ee\/product\/bag-traveler-juri-arrak\/#breadcrumb"},"inLanguage":"et","potentialAction":[{"@type":"ReadAction","target":["https:\/\/shirtshop.ee\/product\/bag-traveler-juri-arrak\/"]}]},{"@type":"ImageObject","inLanguage":"et","@id":"https:\/\/shirtshop.ee\/product\/bag-traveler-juri-arrak\/#primaryimage","url":"https:\/\/shirtshop.ee\/wp-content\/uploads\/2021\/02\/Tallinn-kott-Arrak-1.jpg","contentUrl":"https:\/\/shirtshop.ee\/wp-content\/uploads\/2021\/02\/Tallinn-kott-Arrak-1.jpg","width":1600,"height":1600,"caption":"J\u00fcri Arrak cotton bag"},{"@type":"BreadcrumbList","@id":"https:\/\/shirtshop.ee\/product\/bag-traveler-juri-arrak\/#breadcrumb","itemListElement":[{"@type":"ListItem","position":1,"name":"Home","item":"https:\/\/shirtshop.ee\/et\/"},{"@type":"ListItem","position":2,"name":"T-shirts","item":"https:\/\/shirtshop.ee\/et\/shop\/"},{"@type":"ListItem","position":3,"name":"Bag Traveler &#8211; J\u00fcri Arrak"}]},{"@type":"WebSite","@id":"https:\/\/shirtshop.ee\/et\/#website","url":"https:\/\/shirtshop.ee\/et\/","name":"Short Leg Shirt Shop","description":"Eesti disain t-s\u00e4rgid","publisher":{"@id":"https:\/\/shirtshop.ee\/et\/#organization"},"potentialAction":[{"@type":"SearchAction","target":{"@type":"EntryPoint","urlTemplate":"https:\/\/shirtshop.ee\/et\/?s={search_term_string}"},"query-input":{"@type":"PropertyValueSpecification","valueRequired":true,"valueName":"search_term_string"}}],"inLanguage":"et"},{"@type":"Organization","@id":"https:\/\/shirtshop.ee\/et\/#organization","name":"Short Leg Shirt Shop","url":"https:\/\/shirtshop.ee\/et\/","logo":{"@type":"ImageObject","inLanguage":"et","@id":"https:\/\/shirtshop.ee\/et\/#\/schema\/logo\/image\/","url":"https:\/\/www.shirtshop.ee\/wp-content\/uploads\/2021\/01\/logo-85.gif","contentUrl":"https:\/\/www.shirtshop.ee\/wp-content\/uploads\/2021\/01\/logo-85.gif","width":554,"height":512,"caption":"Short Leg Shirt Shop"},"image":{"@id":"https:\/\/shirtshop.ee\/et\/#\/schema\/logo\/image\/"},"sameAs":["https:\/\/www.facebook.com\/ShortLegShirtShop\/"]}]}},"_links":{"self":[{"href":"https:\/\/shirtshop.ee\/et\/wp-json\/wp\/v2\/product\/277","targetHints":{"allow":["GET"]}}],"collection":[{"href":"https:\/\/shirtshop.ee\/et\/wp-json\/wp\/v2\/product"}],"about":[{"href":"https:\/\/shirtshop.ee\/et\/wp-json\/wp\/v2\/types\/product"}],"wp:featuredmedia":[{"embeddable":true,"href":"https:\/\/shirtshop.ee\/et\/wp-json\/wp\/v2\/media\/1464"}],"wp:attachment":[{"href":"https:\/\/shirtshop.ee\/et\/wp-json\/wp\/v2\/media?parent=277"}],"wp:term":[{"taxonomy":"product_brand","embeddable":true,"href":"https:\/\/shirtshop.ee\/et\/wp-json\/wp\/v2\/product_brand?post=277"},{"taxonomy":"product_cat","embeddable":true,"href":"https:\/\/shirtshop.ee\/et\/wp-json\/wp\/v2\/product_cat?post=277"},{"taxonomy":"product_tag","embeddable":true,"href":"https:\/\/shirtshop.ee\/et\/wp-json\/wp\/v2\/product_tag?post=277"}],"curies":[{"name":"wp","href":"https:\/\/api.w.org\/{rel}","templated":true}]}}