{"id":1276,"date":"2021-05-01T13:28:06","date_gmt":"2021-05-01T11:28:06","guid":{"rendered":"https:\/\/shirtshop.ee\/?post_type=product&#038;p=1276"},"modified":"2024-11-06T14:40:07","modified_gmt":"2024-11-06T12:40:07","slug":"maiden-saima-somer-ls","status":"publish","type":"product","link":"https:\/\/shirtshop.ee\/et\/toode\/maiden-saima-somer-ls\/","title":{"rendered":"T\u00fcdruk - Saima S\u00f5mer, PV"},"content":{"rendered":"<p>100% puuvill, siiditr\u00fckk.<\/p>\n<p>Valge pikkade varrukatega pluus saadaval kaupluses.<\/p>","protected":false},"excerpt":{"rendered":"<p>Vaata ka <a href=\"https:\/\/shirtshop.ee\/et\/toode\/maiden-saima-somer-tanktop\/\"><strong>s\u00e4rki<\/strong><\/a> ja <a href=\"https:\/\/shirtshop.ee\/et\/toode\/maiden\/\"><strong>t-s\u00e4rki<\/strong><\/a> selle Saima S\u00f5meri kujundusega aastast 1992.<\/p>","protected":false},"featured_media":1284,"template":"","meta":{"_monsterinsights_skip_tracking":false,"_monsterinsights_sitenote_active":false,"_monsterinsights_sitenote_note":"","_monsterinsights_sitenote_category":0},"product_brand":[],"product_cat":[18],"product_tag":[48,54,49],"class_list":{"0":"post-1276","1":"product","2":"type-product","3":"status-publish","4":"has-post-thumbnail","6":"product_cat-women","7":"product_tag-art","8":"product_tag-long-sleeves","9":"product_tag-saima","11":"first","12":"instock","13":"taxable","14":"shipping-taxable","15":"purchasable","16":"product-type-variable"},"barcode":null,"atum_controlled":true,"out_stock_date":null,"out_stock_threshold":null,"inheritable":true,"stock_on_hold":2,"sold_today":0,"sales_last_days":0,"reserved_stock":0,"customer_returns":0,"warehouse_damage":0,"lost_in_post":0,"other_logs":0,"out_stock_days":0,"lost_sales":0,"update_date":"2026-04-29T01:27:02","atum_locations":[],"atum_stock_status":"instock","restock_status":false,"low_stock_amount":"","sales_update_date":"2026-04-29T01:27:02","calc_backorders":null,"yoast_head":"<!-- This site is optimized with the Yoast SEO plugin v27.5 - https:\/\/yoast.com\/product\/yoast-seo-wordpress\/ -->\n<title>Maiden - Saima S\u00f5mer, LS - Short Leg Shirt Shop<\/title>\n<meta name=\"robots\" content=\"index, follow, max-snippet:-1, max-image-preview:large, max-video-preview:-1\" \/>\n<link rel=\"canonical\" href=\"https:\/\/shirtshop.ee\/et\/toode\/maiden-saima-somer-ls\/\" \/>\n<meta property=\"og:locale\" content=\"et_EE\" \/>\n<meta property=\"og:type\" content=\"article\" \/>\n<meta property=\"og:title\" content=\"Maiden - Saima S\u00f5mer, LS - Short Leg Shirt Shop\" \/>\n<meta property=\"og:description\" content=\"See also our tanktop and t-shirt with this design by Saima S\u00f5mer from 1992.\" \/>\n<meta property=\"og:url\" content=\"https:\/\/shirtshop.ee\/et\/toode\/maiden-saima-somer-ls\/\" \/>\n<meta property=\"og:site_name\" content=\"Short Leg Shirt Shop\" \/>\n<meta property=\"article:publisher\" content=\"https:\/\/www.facebook.com\/ShortLegShirtShop\/\" \/>\n<meta property=\"article:modified_time\" content=\"2024-11-06T12:40:07+00:00\" \/>\n<meta property=\"og:image\" content=\"https:\/\/shirtshop.ee\/wp-content\/uploads\/2021\/05\/Tallinn-tshirt-38.jpg\" \/>\n\t<meta property=\"og:image:width\" content=\"1600\" \/>\n\t<meta property=\"og:image:height\" content=\"1600\" \/>\n\t<meta property=\"og:image:type\" content=\"image\/jpeg\" \/>\n<meta name=\"twitter:card\" content=\"summary_large_image\" \/>\n<meta name=\"twitter:label1\" content=\"Est. reading time\" \/>\n\t<meta name=\"twitter:data1\" content=\"1 minut\" \/>\n<script type=\"application\/ld+json\" class=\"yoast-schema-graph\">{\"@context\":\"https:\\\/\\\/schema.org\",\"@graph\":[{\"@type\":\"WebPage\",\"@id\":\"https:\\\/\\\/shirtshop.ee\\\/et\\\/toode\\\/maiden-saima-somer-ls\\\/\",\"url\":\"https:\\\/\\\/shirtshop.ee\\\/et\\\/toode\\\/maiden-saima-somer-ls\\\/\",\"name\":\"Maiden - Saima S\u00f5mer, LS - Short Leg Shirt Shop\",\"isPartOf\":{\"@id\":\"https:\\\/\\\/shirtshop.ee\\\/et\\\/#website\"},\"primaryImageOfPage\":{\"@id\":\"https:\\\/\\\/shirtshop.ee\\\/et\\\/toode\\\/maiden-saima-somer-ls\\\/#primaryimage\"},\"image\":{\"@id\":\"https:\\\/\\\/shirtshop.ee\\\/et\\\/toode\\\/maiden-saima-somer-ls\\\/#primaryimage\"},\"thumbnailUrl\":\"https:\\\/\\\/shirtshop.ee\\\/wp-content\\\/uploads\\\/2021\\\/05\\\/Tallinn-tshirt-38.jpg\",\"datePublished\":\"2021-05-01T11:28:06+00:00\",\"dateModified\":\"2024-11-06T12:40:07+00:00\",\"breadcrumb\":{\"@id\":\"https:\\\/\\\/shirtshop.ee\\\/et\\\/toode\\\/maiden-saima-somer-ls\\\/#breadcrumb\"},\"inLanguage\":\"et\",\"potentialAction\":[{\"@type\":\"ReadAction\",\"target\":[\"https:\\\/\\\/shirtshop.ee\\\/et\\\/toode\\\/maiden-saima-somer-ls\\\/\"]}]},{\"@type\":\"ImageObject\",\"inLanguage\":\"et\",\"@id\":\"https:\\\/\\\/shirtshop.ee\\\/et\\\/toode\\\/maiden-saima-somer-ls\\\/#primaryimage\",\"url\":\"https:\\\/\\\/shirtshop.ee\\\/wp-content\\\/uploads\\\/2021\\\/05\\\/Tallinn-tshirt-38.jpg\",\"contentUrl\":\"https:\\\/\\\/shirtshop.ee\\\/wp-content\\\/uploads\\\/2021\\\/05\\\/Tallinn-tshirt-38.jpg\",\"width\":1600,\"height\":1600,\"caption\":\"Eesti disain t-s\u00e4rk\"},{\"@type\":\"BreadcrumbList\",\"@id\":\"https:\\\/\\\/shirtshop.ee\\\/et\\\/toode\\\/maiden-saima-somer-ls\\\/#breadcrumb\",\"itemListElement\":[{\"@type\":\"ListItem\",\"position\":1,\"name\":\"Home\",\"item\":\"https:\\\/\\\/shirtshop.ee\\\/et\\\/\"},{\"@type\":\"ListItem\",\"position\":2,\"name\":\"T-shirts\",\"item\":\"https:\\\/\\\/shirtshop.ee\\\/et\\\/shop\\\/\"},{\"@type\":\"ListItem\",\"position\":3,\"name\":\"Maiden &#8211; Saima S\u00f5mer, LS\"}]},{\"@type\":\"WebSite\",\"@id\":\"https:\\\/\\\/shirtshop.ee\\\/et\\\/#website\",\"url\":\"https:\\\/\\\/shirtshop.ee\\\/et\\\/\",\"name\":\"Short Leg Shirt Shop\",\"description\":\"Eesti disain t-s\u00e4rgid\",\"publisher\":{\"@id\":\"https:\\\/\\\/shirtshop.ee\\\/et\\\/#organization\"},\"potentialAction\":[{\"@type\":\"SearchAction\",\"target\":{\"@type\":\"EntryPoint\",\"urlTemplate\":\"https:\\\/\\\/shirtshop.ee\\\/et\\\/?s={search_term_string}\"},\"query-input\":{\"@type\":\"PropertyValueSpecification\",\"valueRequired\":true,\"valueName\":\"search_term_string\"}}],\"inLanguage\":\"et\"},{\"@type\":\"Organization\",\"@id\":\"https:\\\/\\\/shirtshop.ee\\\/et\\\/#organization\",\"name\":\"Short Leg Shirt Shop\",\"url\":\"https:\\\/\\\/shirtshop.ee\\\/et\\\/\",\"logo\":{\"@type\":\"ImageObject\",\"inLanguage\":\"et\",\"@id\":\"https:\\\/\\\/shirtshop.ee\\\/et\\\/#\\\/schema\\\/logo\\\/image\\\/\",\"url\":\"https:\\\/\\\/www.shirtshop.ee\\\/wp-content\\\/uploads\\\/2021\\\/01\\\/logo-85.gif\",\"contentUrl\":\"https:\\\/\\\/www.shirtshop.ee\\\/wp-content\\\/uploads\\\/2021\\\/01\\\/logo-85.gif\",\"width\":554,\"height\":512,\"caption\":\"Short Leg Shirt Shop\"},\"image\":{\"@id\":\"https:\\\/\\\/shirtshop.ee\\\/et\\\/#\\\/schema\\\/logo\\\/image\\\/\"},\"sameAs\":[\"https:\\\/\\\/www.facebook.com\\\/ShortLegShirtShop\\\/\"]}]}<\/script>\n<!-- \/ Yoast SEO plugin. -->","yoast_head_json":{"title":"Maiden - Saima S\u00f5mer, LS - Short Leg Shirt Shop","robots":{"index":"index","follow":"follow","max-snippet":"max-snippet:-1","max-image-preview":"max-image-preview:large","max-video-preview":"max-video-preview:-1"},"canonical":"https:\/\/shirtshop.ee\/et\/toode\/maiden-saima-somer-ls\/","og_locale":"et_EE","og_type":"article","og_title":"Maiden - Saima S\u00f5mer, LS - Short Leg Shirt Shop","og_description":"See also our tanktop and t-shirt with this design by Saima S\u00f5mer from 1992.","og_url":"https:\/\/shirtshop.ee\/et\/toode\/maiden-saima-somer-ls\/","og_site_name":"Short Leg Shirt Shop","article_publisher":"https:\/\/www.facebook.com\/ShortLegShirtShop\/","article_modified_time":"2024-11-06T12:40:07+00:00","og_image":[{"width":1600,"height":1600,"url":"https:\/\/shirtshop.ee\/wp-content\/uploads\/2021\/05\/Tallinn-tshirt-38.jpg","type":"image\/jpeg"}],"twitter_card":"summary_large_image","twitter_misc":{"Est. reading time":"1 minut"},"schema":{"@context":"https:\/\/schema.org","@graph":[{"@type":"WebPage","@id":"https:\/\/shirtshop.ee\/et\/toode\/maiden-saima-somer-ls\/","url":"https:\/\/shirtshop.ee\/et\/toode\/maiden-saima-somer-ls\/","name":"Maiden - Saima S\u00f5mer, LS - Short Leg Shirt Shop","isPartOf":{"@id":"https:\/\/shirtshop.ee\/et\/#website"},"primaryImageOfPage":{"@id":"https:\/\/shirtshop.ee\/et\/toode\/maiden-saima-somer-ls\/#primaryimage"},"image":{"@id":"https:\/\/shirtshop.ee\/et\/toode\/maiden-saima-somer-ls\/#primaryimage"},"thumbnailUrl":"https:\/\/shirtshop.ee\/wp-content\/uploads\/2021\/05\/Tallinn-tshirt-38.jpg","datePublished":"2021-05-01T11:28:06+00:00","dateModified":"2024-11-06T12:40:07+00:00","breadcrumb":{"@id":"https:\/\/shirtshop.ee\/et\/toode\/maiden-saima-somer-ls\/#breadcrumb"},"inLanguage":"et","potentialAction":[{"@type":"ReadAction","target":["https:\/\/shirtshop.ee\/et\/toode\/maiden-saima-somer-ls\/"]}]},{"@type":"ImageObject","inLanguage":"et","@id":"https:\/\/shirtshop.ee\/et\/toode\/maiden-saima-somer-ls\/#primaryimage","url":"https:\/\/shirtshop.ee\/wp-content\/uploads\/2021\/05\/Tallinn-tshirt-38.jpg","contentUrl":"https:\/\/shirtshop.ee\/wp-content\/uploads\/2021\/05\/Tallinn-tshirt-38.jpg","width":1600,"height":1600,"caption":"Eesti disain t-s\u00e4rk"},{"@type":"BreadcrumbList","@id":"https:\/\/shirtshop.ee\/et\/toode\/maiden-saima-somer-ls\/#breadcrumb","itemListElement":[{"@type":"ListItem","position":1,"name":"Home","item":"https:\/\/shirtshop.ee\/et\/"},{"@type":"ListItem","position":2,"name":"T-shirts","item":"https:\/\/shirtshop.ee\/et\/shop\/"},{"@type":"ListItem","position":3,"name":"Maiden &#8211; Saima S\u00f5mer, LS"}]},{"@type":"WebSite","@id":"https:\/\/shirtshop.ee\/et\/#website","url":"https:\/\/shirtshop.ee\/et\/","name":"Short Leg Shirt Shop","description":"Eesti disain t-s\u00e4rgid","publisher":{"@id":"https:\/\/shirtshop.ee\/et\/#organization"},"potentialAction":[{"@type":"SearchAction","target":{"@type":"EntryPoint","urlTemplate":"https:\/\/shirtshop.ee\/et\/?s={search_term_string}"},"query-input":{"@type":"PropertyValueSpecification","valueRequired":true,"valueName":"search_term_string"}}],"inLanguage":"et"},{"@type":"Organization","@id":"https:\/\/shirtshop.ee\/et\/#organization","name":"Short Leg Shirt Shop","url":"https:\/\/shirtshop.ee\/et\/","logo":{"@type":"ImageObject","inLanguage":"et","@id":"https:\/\/shirtshop.ee\/et\/#\/schema\/logo\/image\/","url":"https:\/\/www.shirtshop.ee\/wp-content\/uploads\/2021\/01\/logo-85.gif","contentUrl":"https:\/\/www.shirtshop.ee\/wp-content\/uploads\/2021\/01\/logo-85.gif","width":554,"height":512,"caption":"Short Leg Shirt Shop"},"image":{"@id":"https:\/\/shirtshop.ee\/et\/#\/schema\/logo\/image\/"},"sameAs":["https:\/\/www.facebook.com\/ShortLegShirtShop\/"]}]}},"_links":{"self":[{"href":"https:\/\/shirtshop.ee\/et\/wp-json\/wp\/v2\/product\/1276","targetHints":{"allow":["GET"]}}],"collection":[{"href":"https:\/\/shirtshop.ee\/et\/wp-json\/wp\/v2\/product"}],"about":[{"href":"https:\/\/shirtshop.ee\/et\/wp-json\/wp\/v2\/types\/product"}],"wp:featuredmedia":[{"embeddable":true,"href":"https:\/\/shirtshop.ee\/et\/wp-json\/wp\/v2\/media\/1284"}],"wp:attachment":[{"href":"https:\/\/shirtshop.ee\/et\/wp-json\/wp\/v2\/media?parent=1276"}],"wp:term":[{"taxonomy":"product_brand","embeddable":true,"href":"https:\/\/shirtshop.ee\/et\/wp-json\/wp\/v2\/product_brand?post=1276"},{"taxonomy":"product_cat","embeddable":true,"href":"https:\/\/shirtshop.ee\/et\/wp-json\/wp\/v2\/product_cat?post=1276"},{"taxonomy":"product_tag","embeddable":true,"href":"https:\/\/shirtshop.ee\/et\/wp-json\/wp\/v2\/product_tag?post=1276"}],"curies":[{"name":"wp","href":"https:\/\/api.w.org\/{rel}","templated":true}]}}