{"id":1164,"date":"2021-03-18T19:27:32","date_gmt":"2021-03-18T17:27:32","guid":{"rendered":"https:\/\/shirtshop.ee\/?post_type=product&#038;p=1164"},"modified":"2025-11-17T13:44:28","modified_gmt":"2025-11-17T11:44:28","slug":"tallinn-is-green","status":"publish","type":"product","link":"https:\/\/shirtshop.ee\/et\/toode\/tallinn-is-green\/","title":{"rendered":"Tallinn is green"},"content":{"rendered":"<p>100% puuvill, siiditr\u00fckk.<\/p>\n<p>&nbsp;<\/p>","protected":false},"excerpt":{"rendered":"<p>Vett s\u00fclitavad lohed Tallinna Raekoja katuse\u00e4\u00e4rel.<\/p>\n<p>Disain Heino Prunsvelt<\/p>","protected":false},"featured_media":1221,"template":"","meta":{"_monsterinsights_skip_tracking":false,"_monsterinsights_sitenote_active":false,"_monsterinsights_sitenote_note":"","_monsterinsights_sitenote_category":0},"product_brand":[],"product_cat":[19,15,18],"product_tag":[56,47,52],"class_list":{"0":"post-1164","1":"product","2":"type-product","3":"status-publish","4":"has-post-thumbnail","6":"product_cat-kids","7":"product_cat-unisex","8":"product_cat-women","9":"product_tag-history","10":"product_tag-nature","11":"product_tag-prunsvelt","13":"first","14":"instock","15":"taxable","16":"shipping-taxable","17":"purchasable","18":"product-type-variable"},"barcode":null,"atum_controlled":true,"out_stock_date":null,"out_stock_threshold":null,"inheritable":true,"stock_on_hold":2,"sold_today":0,"sales_last_days":0,"reserved_stock":0,"customer_returns":0,"warehouse_damage":0,"lost_in_post":0,"other_logs":0,"out_stock_days":0,"lost_sales":0,"update_date":"2026-04-15T00:51:16","atum_locations":[],"atum_stock_status":"instock","restock_status":false,"low_stock_amount":"","sales_update_date":"2026-04-15T00:51:16","calc_backorders":null,"yoast_head":"<!-- This site is optimized with the Yoast SEO plugin v27.4 - https:\/\/yoast.com\/product\/yoast-seo-wordpress\/ -->\n<title>Tallinn is green - Short Leg Shirt Shop - Eesti disain t-s\u00e4rk<\/title>\n<meta name=\"description\" content=\"Estonian designer t-shirts - Eesti disain t-s\u00e4rgid. Short Leg Shirt Shop - Tallinn is green\" \/>\n<meta name=\"robots\" content=\"index, follow, max-snippet:-1, max-image-preview:large, max-video-preview:-1\" \/>\n<link rel=\"canonical\" href=\"https:\/\/shirtshop.ee\/et\/toode\/tallinn-is-green\/\" \/>\n<meta property=\"og:locale\" content=\"et_EE\" \/>\n<meta property=\"og:type\" content=\"article\" \/>\n<meta property=\"og:title\" content=\"Tallinn is green - Short Leg Shirt Shop - Eesti disain t-s\u00e4rk\" \/>\n<meta property=\"og:description\" content=\"Estonian designer t-shirts - Eesti disain t-s\u00e4rgid. Short Leg Shirt Shop - Tallinn is green\" \/>\n<meta property=\"og:url\" content=\"https:\/\/shirtshop.ee\/et\/toode\/tallinn-is-green\/\" \/>\n<meta property=\"og:site_name\" content=\"Short Leg Shirt Shop\" \/>\n<meta property=\"article:publisher\" content=\"https:\/\/www.facebook.com\/ShortLegShirtShop\/\" \/>\n<meta property=\"article:modified_time\" content=\"2025-11-17T11:44:28+00:00\" \/>\n<meta property=\"og:image\" content=\"https:\/\/shirtshop.ee\/wp-content\/uploads\/2021\/03\/Tallinn-tshirt-37.jpg\" \/>\n\t<meta property=\"og:image:width\" content=\"1600\" \/>\n\t<meta property=\"og:image:height\" content=\"1600\" \/>\n\t<meta property=\"og:image:type\" content=\"image\/jpeg\" \/>\n<meta name=\"twitter:card\" content=\"summary_large_image\" \/>\n<script type=\"application\/ld+json\" class=\"yoast-schema-graph\">{\"@context\":\"https:\\\/\\\/schema.org\",\"@graph\":[{\"@type\":\"WebPage\",\"@id\":\"https:\\\/\\\/shirtshop.ee\\\/product\\\/tallinn-is-green\\\/\",\"url\":\"https:\\\/\\\/shirtshop.ee\\\/product\\\/tallinn-is-green\\\/\",\"name\":\"Tallinn is green - Short Leg Shirt Shop - Eesti disain t-s\u00e4rk\",\"isPartOf\":{\"@id\":\"https:\\\/\\\/shirtshop.ee\\\/et\\\/#website\"},\"primaryImageOfPage\":{\"@id\":\"https:\\\/\\\/shirtshop.ee\\\/product\\\/tallinn-is-green\\\/#primaryimage\"},\"image\":{\"@id\":\"https:\\\/\\\/shirtshop.ee\\\/product\\\/tallinn-is-green\\\/#primaryimage\"},\"thumbnailUrl\":\"https:\\\/\\\/shirtshop.ee\\\/wp-content\\\/uploads\\\/2021\\\/03\\\/Tallinn-tshirt-37.jpg\",\"datePublished\":\"2021-03-18T17:27:32+00:00\",\"dateModified\":\"2025-11-17T11:44:28+00:00\",\"description\":\"Estonian designer t-shirts - Eesti disain t-s\u00e4rgid. Short Leg Shirt Shop - Tallinn is green\",\"breadcrumb\":{\"@id\":\"https:\\\/\\\/shirtshop.ee\\\/product\\\/tallinn-is-green\\\/#breadcrumb\"},\"inLanguage\":\"et\",\"potentialAction\":[{\"@type\":\"ReadAction\",\"target\":[\"https:\\\/\\\/shirtshop.ee\\\/product\\\/tallinn-is-green\\\/\"]}]},{\"@type\":\"ImageObject\",\"inLanguage\":\"et\",\"@id\":\"https:\\\/\\\/shirtshop.ee\\\/product\\\/tallinn-is-green\\\/#primaryimage\",\"url\":\"https:\\\/\\\/shirtshop.ee\\\/wp-content\\\/uploads\\\/2021\\\/03\\\/Tallinn-tshirt-37.jpg\",\"contentUrl\":\"https:\\\/\\\/shirtshop.ee\\\/wp-content\\\/uploads\\\/2021\\\/03\\\/Tallinn-tshirt-37.jpg\",\"width\":1600,\"height\":1600,\"caption\":\"Alt text\"},{\"@type\":\"BreadcrumbList\",\"@id\":\"https:\\\/\\\/shirtshop.ee\\\/product\\\/tallinn-is-green\\\/#breadcrumb\",\"itemListElement\":[{\"@type\":\"ListItem\",\"position\":1,\"name\":\"Home\",\"item\":\"https:\\\/\\\/shirtshop.ee\\\/et\\\/\"},{\"@type\":\"ListItem\",\"position\":2,\"name\":\"T-shirts\",\"item\":\"https:\\\/\\\/shirtshop.ee\\\/et\\\/shop\\\/\"},{\"@type\":\"ListItem\",\"position\":3,\"name\":\"Tallinn is green\"}]},{\"@type\":\"WebSite\",\"@id\":\"https:\\\/\\\/shirtshop.ee\\\/et\\\/#website\",\"url\":\"https:\\\/\\\/shirtshop.ee\\\/et\\\/\",\"name\":\"Short Leg Shirt Shop\",\"description\":\"Eesti disain t-s\u00e4rgid\",\"publisher\":{\"@id\":\"https:\\\/\\\/shirtshop.ee\\\/et\\\/#organization\"},\"potentialAction\":[{\"@type\":\"SearchAction\",\"target\":{\"@type\":\"EntryPoint\",\"urlTemplate\":\"https:\\\/\\\/shirtshop.ee\\\/et\\\/?s={search_term_string}\"},\"query-input\":{\"@type\":\"PropertyValueSpecification\",\"valueRequired\":true,\"valueName\":\"search_term_string\"}}],\"inLanguage\":\"et\"},{\"@type\":\"Organization\",\"@id\":\"https:\\\/\\\/shirtshop.ee\\\/et\\\/#organization\",\"name\":\"Short Leg Shirt Shop\",\"url\":\"https:\\\/\\\/shirtshop.ee\\\/et\\\/\",\"logo\":{\"@type\":\"ImageObject\",\"inLanguage\":\"et\",\"@id\":\"https:\\\/\\\/shirtshop.ee\\\/et\\\/#\\\/schema\\\/logo\\\/image\\\/\",\"url\":\"https:\\\/\\\/www.shirtshop.ee\\\/wp-content\\\/uploads\\\/2021\\\/01\\\/logo-85.gif\",\"contentUrl\":\"https:\\\/\\\/www.shirtshop.ee\\\/wp-content\\\/uploads\\\/2021\\\/01\\\/logo-85.gif\",\"width\":554,\"height\":512,\"caption\":\"Short Leg Shirt Shop\"},\"image\":{\"@id\":\"https:\\\/\\\/shirtshop.ee\\\/et\\\/#\\\/schema\\\/logo\\\/image\\\/\"},\"sameAs\":[\"https:\\\/\\\/www.facebook.com\\\/ShortLegShirtShop\\\/\"]}]}<\/script>\n<!-- \/ Yoast SEO plugin. -->","yoast_head_json":{"title":"Tallinn is green - Short Leg Shirt Shop - Eesti disain t-s\u00e4rk","description":"Estonian designer t-shirts - Eesti disain t-s\u00e4rgid. Short Leg Shirt Shop - Tallinn is green","robots":{"index":"index","follow":"follow","max-snippet":"max-snippet:-1","max-image-preview":"max-image-preview:large","max-video-preview":"max-video-preview:-1"},"canonical":"https:\/\/shirtshop.ee\/et\/toode\/tallinn-is-green\/","og_locale":"et_EE","og_type":"article","og_title":"Tallinn is green - Short Leg Shirt Shop - Eesti disain t-s\u00e4rk","og_description":"Estonian designer t-shirts - Eesti disain t-s\u00e4rgid. Short Leg Shirt Shop - Tallinn is green","og_url":"https:\/\/shirtshop.ee\/et\/toode\/tallinn-is-green\/","og_site_name":"Short Leg Shirt Shop","article_publisher":"https:\/\/www.facebook.com\/ShortLegShirtShop\/","article_modified_time":"2025-11-17T11:44:28+00:00","og_image":[{"width":1600,"height":1600,"url":"https:\/\/shirtshop.ee\/wp-content\/uploads\/2021\/03\/Tallinn-tshirt-37.jpg","type":"image\/jpeg"}],"twitter_card":"summary_large_image","schema":{"@context":"https:\/\/schema.org","@graph":[{"@type":"WebPage","@id":"https:\/\/shirtshop.ee\/product\/tallinn-is-green\/","url":"https:\/\/shirtshop.ee\/product\/tallinn-is-green\/","name":"Tallinn is green - Short Leg Shirt Shop - Eesti disain t-s\u00e4rk","isPartOf":{"@id":"https:\/\/shirtshop.ee\/et\/#website"},"primaryImageOfPage":{"@id":"https:\/\/shirtshop.ee\/product\/tallinn-is-green\/#primaryimage"},"image":{"@id":"https:\/\/shirtshop.ee\/product\/tallinn-is-green\/#primaryimage"},"thumbnailUrl":"https:\/\/shirtshop.ee\/wp-content\/uploads\/2021\/03\/Tallinn-tshirt-37.jpg","datePublished":"2021-03-18T17:27:32+00:00","dateModified":"2025-11-17T11:44:28+00:00","description":"Estonian designer t-shirts - Eesti disain t-s\u00e4rgid. Short Leg Shirt Shop - Tallinn is green","breadcrumb":{"@id":"https:\/\/shirtshop.ee\/product\/tallinn-is-green\/#breadcrumb"},"inLanguage":"et","potentialAction":[{"@type":"ReadAction","target":["https:\/\/shirtshop.ee\/product\/tallinn-is-green\/"]}]},{"@type":"ImageObject","inLanguage":"et","@id":"https:\/\/shirtshop.ee\/product\/tallinn-is-green\/#primaryimage","url":"https:\/\/shirtshop.ee\/wp-content\/uploads\/2021\/03\/Tallinn-tshirt-37.jpg","contentUrl":"https:\/\/shirtshop.ee\/wp-content\/uploads\/2021\/03\/Tallinn-tshirt-37.jpg","width":1600,"height":1600,"caption":"Alt text"},{"@type":"BreadcrumbList","@id":"https:\/\/shirtshop.ee\/product\/tallinn-is-green\/#breadcrumb","itemListElement":[{"@type":"ListItem","position":1,"name":"Home","item":"https:\/\/shirtshop.ee\/et\/"},{"@type":"ListItem","position":2,"name":"T-shirts","item":"https:\/\/shirtshop.ee\/et\/shop\/"},{"@type":"ListItem","position":3,"name":"Tallinn is green"}]},{"@type":"WebSite","@id":"https:\/\/shirtshop.ee\/et\/#website","url":"https:\/\/shirtshop.ee\/et\/","name":"Short Leg Shirt Shop","description":"Eesti disain t-s\u00e4rgid","publisher":{"@id":"https:\/\/shirtshop.ee\/et\/#organization"},"potentialAction":[{"@type":"SearchAction","target":{"@type":"EntryPoint","urlTemplate":"https:\/\/shirtshop.ee\/et\/?s={search_term_string}"},"query-input":{"@type":"PropertyValueSpecification","valueRequired":true,"valueName":"search_term_string"}}],"inLanguage":"et"},{"@type":"Organization","@id":"https:\/\/shirtshop.ee\/et\/#organization","name":"Short Leg Shirt Shop","url":"https:\/\/shirtshop.ee\/et\/","logo":{"@type":"ImageObject","inLanguage":"et","@id":"https:\/\/shirtshop.ee\/et\/#\/schema\/logo\/image\/","url":"https:\/\/www.shirtshop.ee\/wp-content\/uploads\/2021\/01\/logo-85.gif","contentUrl":"https:\/\/www.shirtshop.ee\/wp-content\/uploads\/2021\/01\/logo-85.gif","width":554,"height":512,"caption":"Short Leg Shirt Shop"},"image":{"@id":"https:\/\/shirtshop.ee\/et\/#\/schema\/logo\/image\/"},"sameAs":["https:\/\/www.facebook.com\/ShortLegShirtShop\/"]}]}},"_links":{"self":[{"href":"https:\/\/shirtshop.ee\/et\/wp-json\/wp\/v2\/product\/1164","targetHints":{"allow":["GET"]}}],"collection":[{"href":"https:\/\/shirtshop.ee\/et\/wp-json\/wp\/v2\/product"}],"about":[{"href":"https:\/\/shirtshop.ee\/et\/wp-json\/wp\/v2\/types\/product"}],"wp:featuredmedia":[{"embeddable":true,"href":"https:\/\/shirtshop.ee\/et\/wp-json\/wp\/v2\/media\/1221"}],"wp:attachment":[{"href":"https:\/\/shirtshop.ee\/et\/wp-json\/wp\/v2\/media?parent=1164"}],"wp:term":[{"taxonomy":"product_brand","embeddable":true,"href":"https:\/\/shirtshop.ee\/et\/wp-json\/wp\/v2\/product_brand?post=1164"},{"taxonomy":"product_cat","embeddable":true,"href":"https:\/\/shirtshop.ee\/et\/wp-json\/wp\/v2\/product_cat?post=1164"},{"taxonomy":"product_tag","embeddable":true,"href":"https:\/\/shirtshop.ee\/et\/wp-json\/wp\/v2\/product_tag?post=1164"}],"curies":[{"name":"wp","href":"https:\/\/api.w.org\/{rel}","templated":true}]}}