{"id":1144,"date":"2021-03-17T22:06:40","date_gmt":"2021-03-17T20:06:40","guid":{"rendered":"https:\/\/shirtshop.ee\/?post_type=product&#038;p=1144"},"modified":"2025-11-17T13:44:28","modified_gmt":"2025-11-17T11:44:28","slug":"brooches-of-estonia-tanktop","status":"publish","type":"product","link":"https:\/\/shirtshop.ee\/et\/toode\/brooches-of-estonia-tanktop\/","title":{"rendered":"Eesti s\u00f5led, s\u00e4rk"},"content":{"rendered":"<p>100% puuvill, siiditr\u00fckk. Avara l\u00f5ikega s\u00e4rk.<\/p>\n<p>Must, valge v\u00e4rv saadaval poes. Helista v\u00f5i saada meil, k\u00fcsi laoseisu!<\/p>","protected":false},"excerpt":{"rendered":"<p>S\u00f5led pluusil on osa Eesti Ajaloomuuseumi p\u00fcsiv\u00e4ljapanekust.<\/p>\n<p>Tekst Anna Haava luuletusest 'N\u00f5mmelill', 19. saj.<\/p>","protected":false},"featured_media":1151,"template":"","meta":{"_monsterinsights_skip_tracking":false,"_monsterinsights_sitenote_active":false,"_monsterinsights_sitenote_note":"","_monsterinsights_sitenote_category":0},"product_brand":[],"product_cat":[18],"product_tag":[48,55,60],"class_list":{"0":"post-1144","1":"product","2":"type-product","3":"status-publish","4":"has-post-thumbnail","6":"product_cat-women","7":"product_tag-art","8":"product_tag-heritage","9":"product_tag-sleeveless","11":"first","12":"instock","13":"taxable","14":"shipping-taxable","15":"product-type-variable"},"barcode":null,"atum_controlled":true,"out_stock_date":null,"out_stock_threshold":null,"inheritable":true,"stock_on_hold":0,"sold_today":0,"sales_last_days":0,"reserved_stock":0,"customer_returns":0,"warehouse_damage":0,"lost_in_post":0,"other_logs":0,"out_stock_days":0,"lost_sales":0,"update_date":"2026-04-15T00:50:57","atum_locations":[],"atum_stock_status":"instock","restock_status":false,"low_stock_amount":"","sales_update_date":"2026-04-15T00:50:57","calc_backorders":null,"yoast_head":"<!-- This site is optimized with the Yoast SEO plugin v27.4 - https:\/\/yoast.com\/product\/yoast-seo-wordpress\/ -->\n<title>Eesti s\u00f5led naiste s\u00e4rk - Folk heritage | Estonian design t-shirts<\/title>\n<meta name=\"robots\" content=\"index, follow, max-snippet:-1, max-image-preview:large, max-video-preview:-1\" \/>\n<link rel=\"canonical\" href=\"https:\/\/shirtshop.ee\/et\/toode\/brooches-of-estonia-tanktop\/\" \/>\n<meta property=\"og:locale\" content=\"et_EE\" \/>\n<meta property=\"og:type\" content=\"article\" \/>\n<meta property=\"og:title\" content=\"Eesti s\u00f5led naiste s\u00e4rk - Folk heritage | Estonian design t-shirts\" \/>\n<meta property=\"og:description\" content=\"Brooches hold together the shirt collar of Estonian folk costumes. Local traditional costumes vary greatly between different parts of Estonia in style, design, and patterns. The brooches on this shirt can be found on display at the Estonian History Museum.  Below, excerpt from the 19-century poem &#039;Moorland Flower&#039; by Estonian poetess Anna Haava.\" \/>\n<meta property=\"og:url\" content=\"https:\/\/shirtshop.ee\/et\/toode\/brooches-of-estonia-tanktop\/\" \/>\n<meta property=\"og:site_name\" content=\"Short Leg Shirt Shop\" \/>\n<meta property=\"article:publisher\" content=\"https:\/\/www.facebook.com\/ShortLegShirtShop\/\" \/>\n<meta property=\"article:modified_time\" content=\"2025-11-17T11:44:28+00:00\" \/>\n<meta property=\"og:image\" content=\"https:\/\/shirtshop.ee\/wp-content\/uploads\/2021\/03\/Tallinn-tshirt-21.jpg\" \/>\n\t<meta property=\"og:image:width\" content=\"1600\" \/>\n\t<meta property=\"og:image:height\" content=\"1600\" \/>\n\t<meta property=\"og:image:type\" content=\"image\/jpeg\" \/>\n<meta name=\"twitter:card\" content=\"summary_large_image\" \/>\n<script type=\"application\/ld+json\" class=\"yoast-schema-graph\">{\"@context\":\"https:\\\/\\\/schema.org\",\"@graph\":[{\"@type\":\"WebPage\",\"@id\":\"https:\\\/\\\/shirtshop.ee\\\/product\\\/brooches-of-estonia-tanktop\\\/\",\"url\":\"https:\\\/\\\/shirtshop.ee\\\/product\\\/brooches-of-estonia-tanktop\\\/\",\"name\":\"Eesti s\u00f5led naiste s\u00e4rk - Folk heritage | Estonian design t-shirts\",\"isPartOf\":{\"@id\":\"https:\\\/\\\/shirtshop.ee\\\/et\\\/#website\"},\"primaryImageOfPage\":{\"@id\":\"https:\\\/\\\/shirtshop.ee\\\/product\\\/brooches-of-estonia-tanktop\\\/#primaryimage\"},\"image\":{\"@id\":\"https:\\\/\\\/shirtshop.ee\\\/product\\\/brooches-of-estonia-tanktop\\\/#primaryimage\"},\"thumbnailUrl\":\"https:\\\/\\\/shirtshop.ee\\\/wp-content\\\/uploads\\\/2021\\\/03\\\/Tallinn-tshirt-21.jpg\",\"datePublished\":\"2021-03-17T20:06:40+00:00\",\"dateModified\":\"2025-11-17T11:44:28+00:00\",\"breadcrumb\":{\"@id\":\"https:\\\/\\\/shirtshop.ee\\\/product\\\/brooches-of-estonia-tanktop\\\/#breadcrumb\"},\"inLanguage\":\"et\",\"potentialAction\":[{\"@type\":\"ReadAction\",\"target\":[\"https:\\\/\\\/shirtshop.ee\\\/product\\\/brooches-of-estonia-tanktop\\\/\"]}]},{\"@type\":\"ImageObject\",\"inLanguage\":\"et\",\"@id\":\"https:\\\/\\\/shirtshop.ee\\\/product\\\/brooches-of-estonia-tanktop\\\/#primaryimage\",\"url\":\"https:\\\/\\\/shirtshop.ee\\\/wp-content\\\/uploads\\\/2021\\\/03\\\/Tallinn-tshirt-21.jpg\",\"contentUrl\":\"https:\\\/\\\/shirtshop.ee\\\/wp-content\\\/uploads\\\/2021\\\/03\\\/Tallinn-tshirt-21.jpg\",\"width\":1600,\"height\":1600},{\"@type\":\"BreadcrumbList\",\"@id\":\"https:\\\/\\\/shirtshop.ee\\\/product\\\/brooches-of-estonia-tanktop\\\/#breadcrumb\",\"itemListElement\":[{\"@type\":\"ListItem\",\"position\":1,\"name\":\"Home\",\"item\":\"https:\\\/\\\/shirtshop.ee\\\/et\\\/\"},{\"@type\":\"ListItem\",\"position\":2,\"name\":\"T-shirts\",\"item\":\"https:\\\/\\\/shirtshop.ee\\\/et\\\/shop\\\/\"},{\"@type\":\"ListItem\",\"position\":3,\"name\":\"Brooches of Estonia, tanktop\"}]},{\"@type\":\"WebSite\",\"@id\":\"https:\\\/\\\/shirtshop.ee\\\/et\\\/#website\",\"url\":\"https:\\\/\\\/shirtshop.ee\\\/et\\\/\",\"name\":\"Short Leg Shirt Shop\",\"description\":\"Eesti disain t-s\u00e4rgid\",\"publisher\":{\"@id\":\"https:\\\/\\\/shirtshop.ee\\\/et\\\/#organization\"},\"potentialAction\":[{\"@type\":\"SearchAction\",\"target\":{\"@type\":\"EntryPoint\",\"urlTemplate\":\"https:\\\/\\\/shirtshop.ee\\\/et\\\/?s={search_term_string}\"},\"query-input\":{\"@type\":\"PropertyValueSpecification\",\"valueRequired\":true,\"valueName\":\"search_term_string\"}}],\"inLanguage\":\"et\"},{\"@type\":\"Organization\",\"@id\":\"https:\\\/\\\/shirtshop.ee\\\/et\\\/#organization\",\"name\":\"Short Leg Shirt Shop\",\"url\":\"https:\\\/\\\/shirtshop.ee\\\/et\\\/\",\"logo\":{\"@type\":\"ImageObject\",\"inLanguage\":\"et\",\"@id\":\"https:\\\/\\\/shirtshop.ee\\\/et\\\/#\\\/schema\\\/logo\\\/image\\\/\",\"url\":\"https:\\\/\\\/www.shirtshop.ee\\\/wp-content\\\/uploads\\\/2021\\\/01\\\/logo-85.gif\",\"contentUrl\":\"https:\\\/\\\/www.shirtshop.ee\\\/wp-content\\\/uploads\\\/2021\\\/01\\\/logo-85.gif\",\"width\":554,\"height\":512,\"caption\":\"Short Leg Shirt Shop\"},\"image\":{\"@id\":\"https:\\\/\\\/shirtshop.ee\\\/et\\\/#\\\/schema\\\/logo\\\/image\\\/\"},\"sameAs\":[\"https:\\\/\\\/www.facebook.com\\\/ShortLegShirtShop\\\/\"]}]}<\/script>\n<!-- \/ Yoast SEO plugin. -->","yoast_head_json":{"title":"Eesti s\u00f5led naiste s\u00e4rk - Folk heritage | Estonian design t-shirts","robots":{"index":"index","follow":"follow","max-snippet":"max-snippet:-1","max-image-preview":"max-image-preview:large","max-video-preview":"max-video-preview:-1"},"canonical":"https:\/\/shirtshop.ee\/et\/toode\/brooches-of-estonia-tanktop\/","og_locale":"et_EE","og_type":"article","og_title":"Eesti s\u00f5led naiste s\u00e4rk - Folk heritage | Estonian design t-shirts","og_description":"Brooches hold together the shirt collar of Estonian folk costumes. Local traditional costumes vary greatly between different parts of Estonia in style, design, and patterns. The brooches on this shirt can be found on display at the Estonian History Museum.  Below, excerpt from the 19-century poem 'Moorland Flower' by Estonian poetess Anna Haava.","og_url":"https:\/\/shirtshop.ee\/et\/toode\/brooches-of-estonia-tanktop\/","og_site_name":"Short Leg Shirt Shop","article_publisher":"https:\/\/www.facebook.com\/ShortLegShirtShop\/","article_modified_time":"2025-11-17T11:44:28+00:00","og_image":[{"width":1600,"height":1600,"url":"https:\/\/shirtshop.ee\/wp-content\/uploads\/2021\/03\/Tallinn-tshirt-21.jpg","type":"image\/jpeg"}],"twitter_card":"summary_large_image","schema":{"@context":"https:\/\/schema.org","@graph":[{"@type":"WebPage","@id":"https:\/\/shirtshop.ee\/product\/brooches-of-estonia-tanktop\/","url":"https:\/\/shirtshop.ee\/product\/brooches-of-estonia-tanktop\/","name":"Eesti s\u00f5led naiste s\u00e4rk - Folk heritage | Estonian design t-shirts","isPartOf":{"@id":"https:\/\/shirtshop.ee\/et\/#website"},"primaryImageOfPage":{"@id":"https:\/\/shirtshop.ee\/product\/brooches-of-estonia-tanktop\/#primaryimage"},"image":{"@id":"https:\/\/shirtshop.ee\/product\/brooches-of-estonia-tanktop\/#primaryimage"},"thumbnailUrl":"https:\/\/shirtshop.ee\/wp-content\/uploads\/2021\/03\/Tallinn-tshirt-21.jpg","datePublished":"2021-03-17T20:06:40+00:00","dateModified":"2025-11-17T11:44:28+00:00","breadcrumb":{"@id":"https:\/\/shirtshop.ee\/product\/brooches-of-estonia-tanktop\/#breadcrumb"},"inLanguage":"et","potentialAction":[{"@type":"ReadAction","target":["https:\/\/shirtshop.ee\/product\/brooches-of-estonia-tanktop\/"]}]},{"@type":"ImageObject","inLanguage":"et","@id":"https:\/\/shirtshop.ee\/product\/brooches-of-estonia-tanktop\/#primaryimage","url":"https:\/\/shirtshop.ee\/wp-content\/uploads\/2021\/03\/Tallinn-tshirt-21.jpg","contentUrl":"https:\/\/shirtshop.ee\/wp-content\/uploads\/2021\/03\/Tallinn-tshirt-21.jpg","width":1600,"height":1600},{"@type":"BreadcrumbList","@id":"https:\/\/shirtshop.ee\/product\/brooches-of-estonia-tanktop\/#breadcrumb","itemListElement":[{"@type":"ListItem","position":1,"name":"Home","item":"https:\/\/shirtshop.ee\/et\/"},{"@type":"ListItem","position":2,"name":"T-shirts","item":"https:\/\/shirtshop.ee\/et\/shop\/"},{"@type":"ListItem","position":3,"name":"Brooches of Estonia, tanktop"}]},{"@type":"WebSite","@id":"https:\/\/shirtshop.ee\/et\/#website","url":"https:\/\/shirtshop.ee\/et\/","name":"Short Leg Shirt Shop","description":"Eesti disain t-s\u00e4rgid","publisher":{"@id":"https:\/\/shirtshop.ee\/et\/#organization"},"potentialAction":[{"@type":"SearchAction","target":{"@type":"EntryPoint","urlTemplate":"https:\/\/shirtshop.ee\/et\/?s={search_term_string}"},"query-input":{"@type":"PropertyValueSpecification","valueRequired":true,"valueName":"search_term_string"}}],"inLanguage":"et"},{"@type":"Organization","@id":"https:\/\/shirtshop.ee\/et\/#organization","name":"Short Leg Shirt Shop","url":"https:\/\/shirtshop.ee\/et\/","logo":{"@type":"ImageObject","inLanguage":"et","@id":"https:\/\/shirtshop.ee\/et\/#\/schema\/logo\/image\/","url":"https:\/\/www.shirtshop.ee\/wp-content\/uploads\/2021\/01\/logo-85.gif","contentUrl":"https:\/\/www.shirtshop.ee\/wp-content\/uploads\/2021\/01\/logo-85.gif","width":554,"height":512,"caption":"Short Leg Shirt Shop"},"image":{"@id":"https:\/\/shirtshop.ee\/et\/#\/schema\/logo\/image\/"},"sameAs":["https:\/\/www.facebook.com\/ShortLegShirtShop\/"]}]}},"_links":{"self":[{"href":"https:\/\/shirtshop.ee\/et\/wp-json\/wp\/v2\/product\/1144","targetHints":{"allow":["GET"]}}],"collection":[{"href":"https:\/\/shirtshop.ee\/et\/wp-json\/wp\/v2\/product"}],"about":[{"href":"https:\/\/shirtshop.ee\/et\/wp-json\/wp\/v2\/types\/product"}],"wp:featuredmedia":[{"embeddable":true,"href":"https:\/\/shirtshop.ee\/et\/wp-json\/wp\/v2\/media\/1151"}],"wp:attachment":[{"href":"https:\/\/shirtshop.ee\/et\/wp-json\/wp\/v2\/media?parent=1144"}],"wp:term":[{"taxonomy":"product_brand","embeddable":true,"href":"https:\/\/shirtshop.ee\/et\/wp-json\/wp\/v2\/product_brand?post=1144"},{"taxonomy":"product_cat","embeddable":true,"href":"https:\/\/shirtshop.ee\/et\/wp-json\/wp\/v2\/product_cat?post=1144"},{"taxonomy":"product_tag","embeddable":true,"href":"https:\/\/shirtshop.ee\/et\/wp-json\/wp\/v2\/product_tag?post=1144"}],"curies":[{"name":"wp","href":"https:\/\/api.w.org\/{rel}","templated":true}]}}