{"id":3,"date":"2021-01-11T08:12:32","date_gmt":"2021-01-11T06:12:32","guid":{"rendered":"https:\/\/shirtshop.ee\/?page_id=3"},"modified":"2021-02-09T17:58:19","modified_gmt":"2021-02-09T15:58:19","slug":"privacy-policy","status":"publish","type":"page","link":"https:\/\/shirtshop.ee\/et\/privacy-policy\/","title":{"rendered":"M\u00fc\u00fcgitingimused"},"content":{"rendered":"<p><strong>M\u00fc\u00fcgitingimused ja privaatsusteave<\/strong><\/p>\n\n\n\n<p>Short Leg Shirt Shop veebipoe shirtshop.ee ja kaupluse (aadress L\u00fchike Jalg 8, Tallinn, Eesti) omanik on Trillium Disain O\u00dc (Reg. Nr. 11309924), Katleri 13-36, Tallinn, Eesti.<\/p>\n\n\n\n<p>Lisaks k\u00e4esolevatele tingimustele reguleerivad Short Leg Shirt Shop kaudu ostmisel tekkivaid \u00f5igussuhteid Eesti Vabariigis kehtivad \u00f5igusaktid.<\/p>\n\n\n\n<p>Kaubavalik ja hinnad v\u00f5ivad muutuda ette teatamata.<\/p>\n\n\n\n<p><strong>1. M\u00fc\u00fcgitingimused<\/strong><\/p>\n\n\n\n<p>1.1 Ostmiseks k\u00e4ttesaadava kauba kogus on toodud ajalise nihkega ja v\u00f5ib tegelikust laoseisust erineda.\n1.2 Ostu-m\u00fc\u00fcgi tehing loetakse s\u00f5lmituks (j\u00f5ustunuks) sellest hetkest, kui kokkulepitud ettemaksusumma on laekunud Short Leg Shirt Shop arvele v\u00f5i kontoris asuvasse kassasse.\n1.3 Tellitud kaup broneeritakse automaatselt.\n1.4 Ostja ja Short Leg Shirt Shop vahel tekkinud tellimuste ja ostudega seotud vaidlused lahendatakse l\u00e4bir\u00e4\u00e4kimistega. Kui kokkuleppele ei j\u00f5uta, saavad pooled oma \u00f5iguste kaitseks p\u00f6\u00f6rduda tarbijakaitse ametisse v\u00f5i Tallinna linnakohtusse. Erimeelsuste lahendamisel l\u00e4htuvad pooled Eesti Vabariigis kehtivatest seadustest.<\/p>\n\n\n\n<p>1.5 K\u00f5ik meie (shirtshop.ee e-poes olevad) hinnad on Eurodes ning sisaldavad k\u00e4ibemaksu.<\/p>\n\n\n\n<p>1.6 Peale soovitud kauba ostukorvi lisamist on Teil v\u00f5imalik valida sobiv makseviis.<\/p>\n\n\n\n<p>1.7 Toodete eest saate tasuda:\n1) internetipanga kaudu (Swedbank, LHV, Coop ja SEB pangalinkide kaudu).\n2) kauba k\u00e4ttesaamisel (Valides makseviisiks \u201ctasun arve kohapeal\u201d ja tasudes arve Short Leg Shirt Shop poes aadressiga L\u00fchike jalg 8, Tallinn).\n3) Mastercard ja Visa krediitkaartidega.\n4) \u00dclekandega emailile saadetud arve alusel.<\/p>\n\n\n\n<p><strong>2. Tarneaeg ja transport<\/strong><\/p>\n\n\n\n<p>2.1\u00a0Kaubad postitatakse hiljemalt kolme t\u00f6\u00f6p\u00e4eva jooksul peale \u00fclekande laekumist (sooduskampaaniate ajal postitakse Teie tellimus 3-4 t\u00f6\u00f6p\u00e4eva jooksul).<\/p>\n\n\n\n<p>2.2 Kui tellimise k\u00e4igus olete valinud sobivaimaks kauba kohaletoimetamise viisiks \u201eTulen tellitud kaubale ise j\u00e4rele\u201d, saate kauba k\u00e4tte Short Leg Shirt Shop poest aadressiga L\u00fchike jalg 8, Tallinn. Kauba \u00fcleandmine toimub kaupluse lahtioleku ajal. NB! 2021 seoses viirusega, palun helistage v\u00f5i saatke e-mail lahtiolekuaegade t\u00e4psustamiseks.<\/p>\n\n\n\n<p>2.3 Kauplusest kauba k\u00e4tte saamiseks palume v\u00f5tta kaasa tellimus\/arve, mis Teie e-postile saadeti v\u00f5i tellimuse\/arve number.<\/p>\n\n\n\n<p>2.4 Teised saatmisviisid toimivad vastavalt teenust pakkuva ettev\u00f5tte tingimustele ja hinnakirjale.<\/p>\n\n\n\n<p><br><strong>3. Tellimuse t\u00fchistamine ja toote tagastamine<\/strong><\/p>\n\n\n\n<p class=\"translation-block\">3.1 Teil on \u00f5igus peale toodete eest tasumist, kuid enne toodete v\u00e4ljasaatmist oma tellimus t\u00fchistada, saates Short Leg Shirt Shop e-poe e-maili aadressile info@shirtshop.ee vastavasisulise teate koos tellimuse numbriga ning oma arvelduskonto numbriga v\u00f5i helistades Short Leg Shirt Shop kontakttelefonile +372 53 285 285.<\/p>\n\n\n\n<p class=\"translation-block\">3.2 Peale toodete k\u00e4ttesaamist on Teil 14 p\u00e4eva aega toodetega tutvumiseks. Kui ostetud kaup Teile mingil p\u00f5hjusel ei sobi, siis on Teil v\u00f5imalus 15 p\u00e4eva jooksul toode tagastada v\u00f5i v\u00e4lja vahetada muu toote vastu , saates Short Leg Shirt Shop e-poe e-maili aadressile info@shirtshop.ee tellimuse t\u00fchistamise teate koos tellimuse numbriga, v\u00f5i helistades Short Leg Shirt Shop kontakttelefonile +372 53 285 285.<\/p>\n\n\n\n<p>3.3\u00a0 Punktis 3.2 s\u00e4testatud juhul tagastatakse Teile ostu eest tasutud summa tagasi Teie arveldusarvele hiljemalt 30 p\u00e4eva jooksul alates taganemisteate j\u00f5udmisest meieni, eeldusel, et olete sama t\u00e4htaja jooksul kauba tagastanud.<\/p>\n\n\n\n<p>3.4 Tagastatav toode peab olema komplektne (sisaldama k\u00f5iki tootepakendis sisaldunud esemeid jne).<\/p>\n\n\n\n<p>3.5 Short Leg Shirt Shop e-poel on \u00f5igus tagastatava toote transpordikulu kuni 10EUR ulatuses kliendilt k\u00fcsida ning selles mahus tagastavast summast maha v\u00f5tta.<\/p>\n\n\n\n<p>3.6 Kui tagastatav toode (ja toote pakend) on halvenenud ja halvenemine on p\u00f5hjustatud asjaoludest, mis ei ole tingitud Short Leg Shirt Shop poolt; ning toote mittesihip\u00e4rase kasutamise tulemusena, on Short Leg Shirt Shop-il \u00f5igus tasaarvestada toote v\u00e4\u00e4rtuse v\u00e4henemine Teie poolt toote eest tasutud ning Teile tagastamisele kuuluva summaga. Tasaarvestamiseks saadab Short Leg Shirt Shop Teile tasaarveldamise avalduse Teie poolt tellimuse vormistamisel teatatud e-maili aadressile. Juhul, kui Te ei ole n\u00f5us tasaarveldamise teates n\u00e4idatud v\u00e4\u00e4rtuse v\u00e4henemisega, on Teil \u00f5igus kaasata toote v\u00e4\u00e4rtuse v\u00e4henemise kindlakstegemiseks s\u00f5ltumatu ekspert. Ekspertiisiga seotud kulud jagatakse pooleks Teie ja Short Leg Shirt Shop vahel, v.a juhul, kui \u00fche poole seisukoht osutub ilmselt p\u00f5hjendamatuks. Sellisel juhul kannab ekspertiisiga seotud kulud pool, kelle seisukoht osutus ilmselt p\u00f5hjendamatuks.<\/p>\n\n\n\n<p><strong>4. Garantii ja n\u00f5uetele mittevastavate toodete tagastamine<\/strong><\/p>\n\n\n\n<p>4.1. Short Leg Shirt Shop vastutab toodete n\u00f5uetele mittevastavuse ja puuduste eest k\u00e4ttesaamisel.\n4.2. Short Leg Shirt Shop ei vastuta:\na) Teie s\u00fc\u00fcl toote halvenemise\/kahjustumise eest.\nb) Puuduste eest, mis on tekkinud toote mittekorrap\u00e4rase kasutamise tagaj\u00e4rjel.\nc) Toote normaalse f\u00fc\u00fcsilise kulumise eest tavalise kasutamise korral.\n4.3. Toote n\u00f5uetele mittevastavuse v\u00f5i puuduse korral on Teil \u00f5igus n\u00f5uda toote asendamist n\u00f5uetele vastava ja puudusteta toote vastu v\u00f5i taganeda tellimusest ja tagastada n\u00f5uetele mittevastav toode Short Leg Shirt Shop kulul.\n4.4. N\u00f5uetele mittevastava toote tagastamise korral kantakse toote eest tasutud summa (koos transpordimaksumusega) Teie poolt n\u00e4idatud pangakontole hiljemalt 30 p\u00e4eva jooksul arvates tellimusest taganemise ja toote tagastamise soovi kohta teate saamisest.\n4.5. Lisaks garantiist tulenevatele \u00f5igustele on Teil ka muud seadusest tulenevad \u00f5igused.\n4.6. Short Leg Shirt Shop vastutab Teie ees ja Teie vastutate Short Leg Shirt Shop-i ees teisele poolele k\u00e4esolevate tingimuste rikkumisega tekitatud kahju eest Eesti Vabariigis kehtivates \u00f5igusaktides s\u00e4testatud juhtudel ja ulatuses.\n4.7. Short Leg Shirt Shop ei vastuta Teile tekitatud kahjude eest v\u00f5i toote kohaletoimetamise viibimise eest juhul, kui kahju v\u00f5i toote kohaletoomise viibimine on tingitud asjaolust, mida Short Leg Shirt Shop ei saanud m\u00f5jutada ning mille saabumist Short Leg Shirt Shop ei n\u00e4inud ette ega v\u00f5inud ette n\u00e4ha (v\u00e4\u00e4ramatu j\u00f5ud).<\/p>\n\n\n\n<p><strong>Privaatsus<\/strong><\/p>\n\n\n\n<p>5.1 Meie e-poest ostmine on turvaline, Teie isikuandmeid t\u00f6\u00f6deldakse koosk\u00f5las kehtivate seadustega ning\u00a0ei avaldata kolmandatele isikutele, neid kasutatakse ainult tellimuse t\u00e4itmiseks ja tellimusega seotud k\u00fcsimuste lahendamiseks.<\/p>\n\n\n\n<p>5.2 K\u00f5iki Short Leg Shirt Shop e-poe k\u00fclastamise ja ostude sooritamise k\u00e4igus teatavaks saanud kliendi isikuandmeid k\u00e4sitletakse kui konfidentsiaalset infot. Kr\u00fcptitud andmesidekanal (SSL) pankadega tagab ostu sooritaja isikuandmete ja pangarekvisiitide turvalisuse. Ka Short Leg Shirt Shop-il puudub neile juurdep\u00e4\u00e4s.<\/p>\n\n\n\n<p>5.3 Veebilehel registreerudes, kontaktvormide kasutamisel ja\/v\u00f5i e-poes ostude tegemisel, v\u00f5idakse vastava teenuse osutamiseks Teie k\u00e4est koguda j\u00e4rgnevaid isikuandmeid:<\/p>\n\n\n\n<ul class=\"wp-block-list\"><li>Teie valitud shirtshop.ee kasutajanimi<\/li><li>Teie valitud shirtshop.ee parool<\/li><li>Eesnimi<\/li><li>Perekonnanimi<\/li><li>E-posti aadress<\/li><li>Ettev\u00f5tte nimi<\/li><li>Arveaadress<\/li><li>Tarneaadress<\/li><\/ul>\n\n\n\n<p>5.4 Krediitkaardi makse\u00a0 teostamiseks suunatakse Teid Stripe kaardimaksete turvalisse keskkonda, kus maksja andmed sisestatakse sealsesse andmebaasi ja salvestatakse.<\/p>\n\n\n\n<p>5.5 Teenuse osutamiseks ning selle parandamiseks kasutame me k\u00fcpsiseid.\u00a0<\/p>\n\n\n\n<p>K\u00fcpsised on v\u00e4iksemahulised tekstifailid, mis salvestatakse meie veebilehte k\u00fclastades brauseri poolt Teie arvutisse v\u00f5i seadmesse. Need v\u00f5ivad sisaldada tehnilisi andmeid Teie seadme ja Interneti-\u00fchenduse kohta (nt kasutatav operatsioonis\u00fcsteem, brauseri versioon, IP-aadress, k\u00fcpsised ja kordumatud ID-d), infot Teie eelistuste ja kasutamisemustrite kohta meie veebilehel, vajalikku informatsiooni veebilehe funktsioneerimiseks jms. K\u00fcpsised ei ole ohtlikud ja ei kahjusta arvutit ega faile.<\/p>\n\n\n\n<p>Me ei p\u00e4\u00e4se ligi ega kontrolli neid k\u00fcpsiseid, mille on meie lehele paigaldanud kolmandad pooled \u2014 nende k\u00fcpsiste kasutamine kuulub paigaldajate privaatsuspoliitika alla. Selleks soovitame Teil eraldi tutvuda k\u00f5igi kolmandate poolte privaatsuspoliitikaga.<\/p>\n\n\n\n<p>Veebilehel kasutame me j\u00e4rgnevaid kasutaja andmeid sisaldavaid k\u00fcpsiseid:<\/p>\n\n\n\n<ul class=\"wp-block-list\"><li>Kasutaja keelevalik<\/li><li>Kasutaja privaatsus- ja kasutustingimustega n\u00f5usoleku staatus<\/li><li>Google Analytics s\u00fcsteemiga seonduvad k\u00fcpsised<\/li><\/ul>\n\n\n\n<p>Kui soovite kasutada meie veebilehe k\u00f5iki v\u00f5imalusi, peate k\u00fcpsiste kasutamiseks loa andma. Vastasel juhul on Teil \u00f5igus keelduda k\u00fcpsiste salvestamisest arvutisse, mida saate teha enda brauseri seadetest. K\u00fcpsiste blokeerimisel peate arvestama, et k\u00f5ik veebilehe funktsioonid ei pruugi p\u00e4rast k\u00fcpsiste blokeerimist enam k\u00e4ttesaadavad olla ning me ei saa garanteerida veebilehe korrektset k\u00e4itumist.&nbsp;<br>Me ei kasuta Teie andmeid mingil muul kui k\u00e4esolevas dokumendis nimetatud otstarbel.<\/p>\n\n\n\n<p>.<\/p>","protected":false},"excerpt":{"rendered":"<p>Privacy policy and terms of use The Short Leg Shirt Shop website shirtshop.ee and physical store are owned by Trillium<span class=\"more-dots\">&#8230;<\/span><\/p>","protected":false},"author":1,"featured_media":0,"parent":0,"menu_order":0,"comment_status":"closed","ping_status":"closed","template":"","meta":{"_monsterinsights_skip_tracking":false,"_monsterinsights_sitenote_active":false,"_monsterinsights_sitenote_note":"","_monsterinsights_sitenote_category":0,"footnotes":""},"class_list":["post-3","page","type-page","status-publish","hentry","no-post-thumbnail"],"yoast_head":"<!-- This site is optimized with the Yoast SEO plugin v27.5 - https:\/\/yoast.com\/product\/yoast-seo-wordpress\/ -->\n<title>Privacy Policy - Short Leg Shirt Shop<\/title>\n<meta name=\"robots\" content=\"index, follow, max-snippet:-1, max-image-preview:large, max-video-preview:-1\" \/>\n<link rel=\"canonical\" href=\"https:\/\/shirtshop.ee\/et\/privacy-policy\/\" \/>\n<meta property=\"og:locale\" content=\"et_EE\" \/>\n<meta property=\"og:type\" content=\"article\" \/>\n<meta property=\"og:title\" content=\"Privacy Policy - Short Leg Shirt Shop\" \/>\n<meta property=\"og:description\" content=\"Privacy policy and terms of use The Short Leg Shirt Shop website shirtshop.ee and physical store are owned by Trillium...\" \/>\n<meta property=\"og:url\" content=\"https:\/\/shirtshop.ee\/et\/privacy-policy\/\" \/>\n<meta property=\"og:site_name\" content=\"Short Leg Shirt Shop\" \/>\n<meta property=\"article:publisher\" content=\"https:\/\/www.facebook.com\/ShortLegShirtShop\/\" \/>\n<meta property=\"article:modified_time\" content=\"2021-02-09T15:58:19+00:00\" \/>\n<meta name=\"twitter:card\" content=\"summary_large_image\" \/>\n<meta name=\"twitter:label1\" content=\"Est. reading time\" \/>\n\t<meta name=\"twitter:data1\" content=\"6 minutit\" \/>\n<script type=\"application\/ld+json\" class=\"yoast-schema-graph\">{\"@context\":\"https:\\\/\\\/schema.org\",\"@graph\":[{\"@type\":\"WebPage\",\"@id\":\"https:\\\/\\\/shirtshop.ee\\\/privacy-policy\\\/\",\"url\":\"https:\\\/\\\/shirtshop.ee\\\/privacy-policy\\\/\",\"name\":\"Privacy Policy - Short Leg Shirt Shop\",\"isPartOf\":{\"@id\":\"https:\\\/\\\/shirtshop.ee\\\/et\\\/#website\"},\"datePublished\":\"2021-01-11T06:12:32+00:00\",\"dateModified\":\"2021-02-09T15:58:19+00:00\",\"breadcrumb\":{\"@id\":\"https:\\\/\\\/shirtshop.ee\\\/privacy-policy\\\/#breadcrumb\"},\"inLanguage\":\"et\",\"potentialAction\":[{\"@type\":\"ReadAction\",\"target\":[\"https:\\\/\\\/shirtshop.ee\\\/privacy-policy\\\/\"]}]},{\"@type\":\"BreadcrumbList\",\"@id\":\"https:\\\/\\\/shirtshop.ee\\\/privacy-policy\\\/#breadcrumb\",\"itemListElement\":[{\"@type\":\"ListItem\",\"position\":1,\"name\":\"Home\",\"item\":\"https:\\\/\\\/shirtshop.ee\\\/et\\\/\"},{\"@type\":\"ListItem\",\"position\":2,\"name\":\"Privacy Policy\"}]},{\"@type\":\"WebSite\",\"@id\":\"https:\\\/\\\/shirtshop.ee\\\/et\\\/#website\",\"url\":\"https:\\\/\\\/shirtshop.ee\\\/et\\\/\",\"name\":\"Short Leg Shirt Shop\",\"description\":\"Eesti disain t-s\u00e4rgid\",\"publisher\":{\"@id\":\"https:\\\/\\\/shirtshop.ee\\\/et\\\/#organization\"},\"potentialAction\":[{\"@type\":\"SearchAction\",\"target\":{\"@type\":\"EntryPoint\",\"urlTemplate\":\"https:\\\/\\\/shirtshop.ee\\\/et\\\/?s={search_term_string}\"},\"query-input\":{\"@type\":\"PropertyValueSpecification\",\"valueRequired\":true,\"valueName\":\"search_term_string\"}}],\"inLanguage\":\"et\"},{\"@type\":\"Organization\",\"@id\":\"https:\\\/\\\/shirtshop.ee\\\/et\\\/#organization\",\"name\":\"Short Leg Shirt Shop\",\"url\":\"https:\\\/\\\/shirtshop.ee\\\/et\\\/\",\"logo\":{\"@type\":\"ImageObject\",\"inLanguage\":\"et\",\"@id\":\"https:\\\/\\\/shirtshop.ee\\\/et\\\/#\\\/schema\\\/logo\\\/image\\\/\",\"url\":\"https:\\\/\\\/www.shirtshop.ee\\\/wp-content\\\/uploads\\\/2021\\\/01\\\/logo-85.gif\",\"contentUrl\":\"https:\\\/\\\/www.shirtshop.ee\\\/wp-content\\\/uploads\\\/2021\\\/01\\\/logo-85.gif\",\"width\":554,\"height\":512,\"caption\":\"Short Leg Shirt Shop\"},\"image\":{\"@id\":\"https:\\\/\\\/shirtshop.ee\\\/et\\\/#\\\/schema\\\/logo\\\/image\\\/\"},\"sameAs\":[\"https:\\\/\\\/www.facebook.com\\\/ShortLegShirtShop\\\/\"]}]}<\/script>\n<!-- \/ Yoast SEO plugin. -->","yoast_head_json":{"title":"Privacy Policy - Short Leg Shirt Shop","robots":{"index":"index","follow":"follow","max-snippet":"max-snippet:-1","max-image-preview":"max-image-preview:large","max-video-preview":"max-video-preview:-1"},"canonical":"https:\/\/shirtshop.ee\/et\/privacy-policy\/","og_locale":"et_EE","og_type":"article","og_title":"Privacy Policy - Short Leg Shirt Shop","og_description":"Privacy policy and terms of use The Short Leg Shirt Shop website shirtshop.ee and physical store are owned by Trillium...","og_url":"https:\/\/shirtshop.ee\/et\/privacy-policy\/","og_site_name":"Short Leg Shirt Shop","article_publisher":"https:\/\/www.facebook.com\/ShortLegShirtShop\/","article_modified_time":"2021-02-09T15:58:19+00:00","twitter_card":"summary_large_image","twitter_misc":{"Est. reading time":"6 minutit"},"schema":{"@context":"https:\/\/schema.org","@graph":[{"@type":"WebPage","@id":"https:\/\/shirtshop.ee\/privacy-policy\/","url":"https:\/\/shirtshop.ee\/privacy-policy\/","name":"Privacy Policy - Short Leg Shirt Shop","isPartOf":{"@id":"https:\/\/shirtshop.ee\/et\/#website"},"datePublished":"2021-01-11T06:12:32+00:00","dateModified":"2021-02-09T15:58:19+00:00","breadcrumb":{"@id":"https:\/\/shirtshop.ee\/privacy-policy\/#breadcrumb"},"inLanguage":"et","potentialAction":[{"@type":"ReadAction","target":["https:\/\/shirtshop.ee\/privacy-policy\/"]}]},{"@type":"BreadcrumbList","@id":"https:\/\/shirtshop.ee\/privacy-policy\/#breadcrumb","itemListElement":[{"@type":"ListItem","position":1,"name":"Home","item":"https:\/\/shirtshop.ee\/et\/"},{"@type":"ListItem","position":2,"name":"Privacy Policy"}]},{"@type":"WebSite","@id":"https:\/\/shirtshop.ee\/et\/#website","url":"https:\/\/shirtshop.ee\/et\/","name":"Short Leg Shirt Shop","description":"Eesti disain t-s\u00e4rgid","publisher":{"@id":"https:\/\/shirtshop.ee\/et\/#organization"},"potentialAction":[{"@type":"SearchAction","target":{"@type":"EntryPoint","urlTemplate":"https:\/\/shirtshop.ee\/et\/?s={search_term_string}"},"query-input":{"@type":"PropertyValueSpecification","valueRequired":true,"valueName":"search_term_string"}}],"inLanguage":"et"},{"@type":"Organization","@id":"https:\/\/shirtshop.ee\/et\/#organization","name":"Short Leg Shirt Shop","url":"https:\/\/shirtshop.ee\/et\/","logo":{"@type":"ImageObject","inLanguage":"et","@id":"https:\/\/shirtshop.ee\/et\/#\/schema\/logo\/image\/","url":"https:\/\/www.shirtshop.ee\/wp-content\/uploads\/2021\/01\/logo-85.gif","contentUrl":"https:\/\/www.shirtshop.ee\/wp-content\/uploads\/2021\/01\/logo-85.gif","width":554,"height":512,"caption":"Short Leg Shirt Shop"},"image":{"@id":"https:\/\/shirtshop.ee\/et\/#\/schema\/logo\/image\/"},"sameAs":["https:\/\/www.facebook.com\/ShortLegShirtShop\/"]}]}},"_links":{"self":[{"href":"https:\/\/shirtshop.ee\/et\/wp-json\/wp\/v2\/pages\/3","targetHints":{"allow":["GET"]}}],"collection":[{"href":"https:\/\/shirtshop.ee\/et\/wp-json\/wp\/v2\/pages"}],"about":[{"href":"https:\/\/shirtshop.ee\/et\/wp-json\/wp\/v2\/types\/page"}],"author":[{"embeddable":true,"href":"https:\/\/shirtshop.ee\/et\/wp-json\/wp\/v2\/users\/1"}],"replies":[{"embeddable":true,"href":"https:\/\/shirtshop.ee\/et\/wp-json\/wp\/v2\/comments?post=3"}],"version-history":[{"count":4,"href":"https:\/\/shirtshop.ee\/et\/wp-json\/wp\/v2\/pages\/3\/revisions"}],"predecessor-version":[{"id":226,"href":"https:\/\/shirtshop.ee\/et\/wp-json\/wp\/v2\/pages\/3\/revisions\/226"}],"wp:attachment":[{"href":"https:\/\/shirtshop.ee\/et\/wp-json\/wp\/v2\/media?parent=3"}],"curies":[{"name":"wp","href":"https:\/\/api.w.org\/{rel}","templated":true}]}}