{"id":14,"date":"2021-01-26T14:54:20","date_gmt":"2021-01-26T12:54:20","guid":{"rendered":"https:\/\/shirtshop.ee\/?page_id=14"},"modified":"2021-05-02T12:51:22","modified_gmt":"2021-05-02T10:51:22","slug":"home","status":"publish","type":"page","link":"https:\/\/shirtshop.ee\/et\/","title":{"rendered":"Home"},"content":{"rendered":"<div class=\"wp-block-cover\" style=\"min-height:500px;aspect-ratio:unset;\"><img loading=\"lazy\" decoding=\"async\" width=\"1920\" height=\"720\" class=\"wp-block-cover__image-background wp-image-572\" alt=\"\" src=\"https:\/\/shirtshop.ee\/wp-content\/uploads\/2021\/03\/Tallinn-Estonia-T-shirts-tydruk-1.jpg\" style=\"object-position:14% 65%\" data-object-fit=\"cover\" data-object-position=\"14% 65%\" srcset=\"https:\/\/shirtshop.ee\/wp-content\/uploads\/2021\/03\/Tallinn-Estonia-T-shirts-tydruk-1.jpg 1920w, https:\/\/shirtshop.ee\/wp-content\/uploads\/2021\/03\/Tallinn-Estonia-T-shirts-tydruk-1-768x288.jpg 768w, https:\/\/shirtshop.ee\/wp-content\/uploads\/2021\/03\/Tallinn-Estonia-T-shirts-tydruk-1-1536x576.jpg 1536w, https:\/\/shirtshop.ee\/wp-content\/uploads\/2021\/03\/Tallinn-Estonia-T-shirts-tydruk-1-16x6.jpg 16w, https:\/\/shirtshop.ee\/wp-content\/uploads\/2021\/03\/Tallinn-Estonia-T-shirts-tydruk-1-1140x428.jpg 1140w, https:\/\/shirtshop.ee\/wp-content\/uploads\/2021\/03\/Tallinn-Estonia-T-shirts-tydruk-1-600x225.jpg 600w\" sizes=\"auto, (max-width: 1920px) 100vw, 1920px\" \/><div class=\"wp-block-cover__inner-container is-layout-flow wp-block-cover-is-layout-flow\">\n<p class=\"has-text-align-center has-light-color has-text-color has-medium-font-size has-huge-font-size\"><span style=\"color: #999999;\"><a href=\"https:\/\/shirtshop.ee\/et\/shop\/\">T-S\u00c4RGID<\/a><\/span><\/p>\n\n\n\n<p class=\"has-text-align-center has-light-color has-text-color has-medium-font-size has-huge-font-size\"><a href=\"https:\/\/shirtshop.ee\/et\/shop\/\" data-type=\"URL\" data-id=\"https:\/\/shirtshop.ee\/shop\/\"><span style=\"color: #999999;\">T-SHIRTS<\/span><\/a><\/p>\n<\/div><\/div>\n\n\n\n<p><\/p>","protected":false},"excerpt":{"rendered":"","protected":false},"author":1,"featured_media":0,"parent":0,"menu_order":0,"comment_status":"closed","ping_status":"closed","template":"page-templates\/full-width.php","meta":{"_monsterinsights_skip_tracking":false,"_monsterinsights_sitenote_active":false,"_monsterinsights_sitenote_note":"","_monsterinsights_sitenote_category":0,"footnotes":""},"class_list":["post-14","page","type-page","status-publish","hentry","no-post-thumbnail"],"yoast_head":"<!-- This site is optimized with the Yoast SEO plugin v27.5 - https:\/\/yoast.com\/product\/yoast-seo-wordpress\/ -->\n<title>Eesti disain t-s\u00e4rgid - Estonian designer t-shirts - Short Leg Shirt Shop<\/title>\n<meta name=\"description\" content=\"Eesti disain t-s\u00e4rgid k\u00f5ikidele Eesti f\u00e4nnidele - kunst, loodus, rahvusp\u00e4rand ja muu! Estonian designer t-shirts for all fans of Estonia.\" \/>\n<meta name=\"robots\" content=\"index, follow, max-snippet:-1, max-image-preview:large, max-video-preview:-1\" \/>\n<link rel=\"canonical\" href=\"https:\/\/shirtshop.ee\/et\/\" \/>\n<meta property=\"og:locale\" content=\"et_EE\" \/>\n<meta property=\"og:type\" content=\"article\" \/>\n<meta property=\"og:title\" content=\"Eesti disain t-s\u00e4rgid - Estonian designer t-shirts - Short Leg Shirt Shop\" \/>\n<meta property=\"og:description\" content=\"Eesti disain t-s\u00e4rgid k\u00f5ikidele Eesti f\u00e4nnidele - kunst, loodus, rahvusp\u00e4rand ja muu! Estonian designer t-shirts for all fans of Estonia.\" \/>\n<meta property=\"og:url\" content=\"https:\/\/shirtshop.ee\/et\/\" \/>\n<meta property=\"og:site_name\" content=\"Short Leg Shirt Shop\" \/>\n<meta property=\"article:publisher\" content=\"https:\/\/www.facebook.com\/ShortLegShirtShop\/\" \/>\n<meta property=\"article:modified_time\" content=\"2021-05-02T10:51:22+00:00\" \/>\n<meta property=\"og:image\" content=\"https:\/\/shirtshop.ee\/wp-content\/uploads\/2021\/03\/Tallinn-Estonia-T-shirts-tydruk-1.jpg\" \/>\n<meta name=\"twitter:card\" content=\"summary_large_image\" \/>\n<meta name=\"twitter:label1\" content=\"Est. reading time\" \/>\n\t<meta name=\"twitter:data1\" content=\"1 minut\" \/>\n<script type=\"application\/ld+json\" class=\"yoast-schema-graph\">{\"@context\":\"https:\\\/\\\/schema.org\",\"@graph\":[{\"@type\":\"WebPage\",\"@id\":\"https:\\\/\\\/shirtshop.ee\\\/et\\\/\",\"url\":\"https:\\\/\\\/shirtshop.ee\\\/et\\\/\",\"name\":\"Eesti disain t-s\u00e4rgid - Estonian designer t-shirts - Short Leg Shirt Shop\",\"isPartOf\":{\"@id\":\"https:\\\/\\\/shirtshop.ee\\\/et\\\/#website\"},\"primaryImageOfPage\":{\"@id\":\"https:\\\/\\\/shirtshop.ee\\\/et\\\/#primaryimage\"},\"image\":{\"@id\":\"https:\\\/\\\/shirtshop.ee\\\/et\\\/#primaryimage\"},\"thumbnailUrl\":\"https:\\\/\\\/shirtshop.ee\\\/wp-content\\\/uploads\\\/2021\\\/03\\\/Tallinn-Estonia-T-shirts-tydruk-1.jpg\",\"datePublished\":\"2021-01-26T12:54:20+00:00\",\"dateModified\":\"2021-05-02T10:51:22+00:00\",\"description\":\"Eesti disain t-s\u00e4rgid k\u00f5ikidele Eesti f\u00e4nnidele - kunst, loodus, rahvusp\u00e4rand ja muu! Estonian designer t-shirts for all fans of Estonia.\",\"breadcrumb\":{\"@id\":\"https:\\\/\\\/shirtshop.ee\\\/et\\\/#breadcrumb\"},\"inLanguage\":\"et\",\"potentialAction\":[{\"@type\":\"ReadAction\",\"target\":[\"https:\\\/\\\/shirtshop.ee\\\/et\\\/\"]}]},{\"@type\":\"ImageObject\",\"inLanguage\":\"et\",\"@id\":\"https:\\\/\\\/shirtshop.ee\\\/et\\\/#primaryimage\",\"url\":\"https:\\\/\\\/shirtshop.ee\\\/wp-content\\\/uploads\\\/2021\\\/03\\\/Tallinn-Estonia-T-shirts-tydruk-1.jpg\",\"contentUrl\":\"https:\\\/\\\/shirtshop.ee\\\/wp-content\\\/uploads\\\/2021\\\/03\\\/Tallinn-Estonia-T-shirts-tydruk-1.jpg\"},{\"@type\":\"BreadcrumbList\",\"@id\":\"https:\\\/\\\/shirtshop.ee\\\/et\\\/#breadcrumb\",\"itemListElement\":[{\"@type\":\"ListItem\",\"position\":1,\"name\":\"Home\",\"item\":\"https:\\\/\\\/shirtshop.ee\\\/et\\\/\"},{\"@type\":\"ListItem\",\"position\":2,\"name\":\"Home\"}]},{\"@type\":\"WebSite\",\"@id\":\"https:\\\/\\\/shirtshop.ee\\\/et\\\/#website\",\"url\":\"https:\\\/\\\/shirtshop.ee\\\/et\\\/\",\"name\":\"Short Leg Shirt Shop\",\"description\":\"Eesti disain t-s\u00e4rgid\",\"publisher\":{\"@id\":\"https:\\\/\\\/shirtshop.ee\\\/et\\\/#organization\"},\"potentialAction\":[{\"@type\":\"SearchAction\",\"target\":{\"@type\":\"EntryPoint\",\"urlTemplate\":\"https:\\\/\\\/shirtshop.ee\\\/et\\\/?s={search_term_string}\"},\"query-input\":{\"@type\":\"PropertyValueSpecification\",\"valueRequired\":true,\"valueName\":\"search_term_string\"}}],\"inLanguage\":\"et\"},{\"@type\":\"Organization\",\"@id\":\"https:\\\/\\\/shirtshop.ee\\\/et\\\/#organization\",\"name\":\"Short Leg Shirt Shop\",\"url\":\"https:\\\/\\\/shirtshop.ee\\\/et\\\/\",\"logo\":{\"@type\":\"ImageObject\",\"inLanguage\":\"et\",\"@id\":\"https:\\\/\\\/shirtshop.ee\\\/et\\\/#\\\/schema\\\/logo\\\/image\\\/\",\"url\":\"https:\\\/\\\/www.shirtshop.ee\\\/wp-content\\\/uploads\\\/2021\\\/01\\\/logo-85.gif\",\"contentUrl\":\"https:\\\/\\\/www.shirtshop.ee\\\/wp-content\\\/uploads\\\/2021\\\/01\\\/logo-85.gif\",\"width\":554,\"height\":512,\"caption\":\"Short Leg Shirt Shop\"},\"image\":{\"@id\":\"https:\\\/\\\/shirtshop.ee\\\/et\\\/#\\\/schema\\\/logo\\\/image\\\/\"},\"sameAs\":[\"https:\\\/\\\/www.facebook.com\\\/ShortLegShirtShop\\\/\"]}]}<\/script>\n<!-- \/ Yoast SEO plugin. -->","yoast_head_json":{"title":"Eesti disain t-s\u00e4rgid - Estonian designer t-shirts - Short Leg Shirt Shop","description":"Eesti disain t-s\u00e4rgid k\u00f5ikidele Eesti f\u00e4nnidele - kunst, loodus, rahvusp\u00e4rand ja muu! Estonian designer t-shirts for all fans of Estonia.","robots":{"index":"index","follow":"follow","max-snippet":"max-snippet:-1","max-image-preview":"max-image-preview:large","max-video-preview":"max-video-preview:-1"},"canonical":"https:\/\/shirtshop.ee\/et\/","og_locale":"et_EE","og_type":"article","og_title":"Eesti disain t-s\u00e4rgid - Estonian designer t-shirts - Short Leg Shirt Shop","og_description":"Eesti disain t-s\u00e4rgid k\u00f5ikidele Eesti f\u00e4nnidele - kunst, loodus, rahvusp\u00e4rand ja muu! Estonian designer t-shirts for all fans of Estonia.","og_url":"https:\/\/shirtshop.ee\/et\/","og_site_name":"Short Leg Shirt Shop","article_publisher":"https:\/\/www.facebook.com\/ShortLegShirtShop\/","article_modified_time":"2021-05-02T10:51:22+00:00","og_image":[{"url":"https:\/\/shirtshop.ee\/wp-content\/uploads\/2021\/03\/Tallinn-Estonia-T-shirts-tydruk-1.jpg","type":"","width":"","height":""}],"twitter_card":"summary_large_image","twitter_misc":{"Est. reading time":"1 minut"},"schema":{"@context":"https:\/\/schema.org","@graph":[{"@type":"WebPage","@id":"https:\/\/shirtshop.ee\/et\/","url":"https:\/\/shirtshop.ee\/et\/","name":"Eesti disain t-s\u00e4rgid - Estonian designer t-shirts - Short Leg Shirt Shop","isPartOf":{"@id":"https:\/\/shirtshop.ee\/et\/#website"},"primaryImageOfPage":{"@id":"https:\/\/shirtshop.ee\/et\/#primaryimage"},"image":{"@id":"https:\/\/shirtshop.ee\/et\/#primaryimage"},"thumbnailUrl":"https:\/\/shirtshop.ee\/wp-content\/uploads\/2021\/03\/Tallinn-Estonia-T-shirts-tydruk-1.jpg","datePublished":"2021-01-26T12:54:20+00:00","dateModified":"2021-05-02T10:51:22+00:00","description":"Eesti disain t-s\u00e4rgid k\u00f5ikidele Eesti f\u00e4nnidele - kunst, loodus, rahvusp\u00e4rand ja muu! Estonian designer t-shirts for all fans of Estonia.","breadcrumb":{"@id":"https:\/\/shirtshop.ee\/et\/#breadcrumb"},"inLanguage":"et","potentialAction":[{"@type":"ReadAction","target":["https:\/\/shirtshop.ee\/et\/"]}]},{"@type":"ImageObject","inLanguage":"et","@id":"https:\/\/shirtshop.ee\/et\/#primaryimage","url":"https:\/\/shirtshop.ee\/wp-content\/uploads\/2021\/03\/Tallinn-Estonia-T-shirts-tydruk-1.jpg","contentUrl":"https:\/\/shirtshop.ee\/wp-content\/uploads\/2021\/03\/Tallinn-Estonia-T-shirts-tydruk-1.jpg"},{"@type":"BreadcrumbList","@id":"https:\/\/shirtshop.ee\/et\/#breadcrumb","itemListElement":[{"@type":"ListItem","position":1,"name":"Home","item":"https:\/\/shirtshop.ee\/et\/"},{"@type":"ListItem","position":2,"name":"Home"}]},{"@type":"WebSite","@id":"https:\/\/shirtshop.ee\/et\/#website","url":"https:\/\/shirtshop.ee\/et\/","name":"Short Leg Shirt Shop","description":"Eesti disain t-s\u00e4rgid","publisher":{"@id":"https:\/\/shirtshop.ee\/et\/#organization"},"potentialAction":[{"@type":"SearchAction","target":{"@type":"EntryPoint","urlTemplate":"https:\/\/shirtshop.ee\/et\/?s={search_term_string}"},"query-input":{"@type":"PropertyValueSpecification","valueRequired":true,"valueName":"search_term_string"}}],"inLanguage":"et"},{"@type":"Organization","@id":"https:\/\/shirtshop.ee\/et\/#organization","name":"Short Leg Shirt Shop","url":"https:\/\/shirtshop.ee\/et\/","logo":{"@type":"ImageObject","inLanguage":"et","@id":"https:\/\/shirtshop.ee\/et\/#\/schema\/logo\/image\/","url":"https:\/\/www.shirtshop.ee\/wp-content\/uploads\/2021\/01\/logo-85.gif","contentUrl":"https:\/\/www.shirtshop.ee\/wp-content\/uploads\/2021\/01\/logo-85.gif","width":554,"height":512,"caption":"Short Leg Shirt Shop"},"image":{"@id":"https:\/\/shirtshop.ee\/et\/#\/schema\/logo\/image\/"},"sameAs":["https:\/\/www.facebook.com\/ShortLegShirtShop\/"]}]}},"_links":{"self":[{"href":"https:\/\/shirtshop.ee\/et\/wp-json\/wp\/v2\/pages\/14","targetHints":{"allow":["GET"]}}],"collection":[{"href":"https:\/\/shirtshop.ee\/et\/wp-json\/wp\/v2\/pages"}],"about":[{"href":"https:\/\/shirtshop.ee\/et\/wp-json\/wp\/v2\/types\/page"}],"author":[{"embeddable":true,"href":"https:\/\/shirtshop.ee\/et\/wp-json\/wp\/v2\/users\/1"}],"replies":[{"embeddable":true,"href":"https:\/\/shirtshop.ee\/et\/wp-json\/wp\/v2\/comments?post=14"}],"version-history":[{"count":5,"href":"https:\/\/shirtshop.ee\/et\/wp-json\/wp\/v2\/pages\/14\/revisions"}],"predecessor-version":[{"id":1293,"href":"https:\/\/shirtshop.ee\/et\/wp-json\/wp\/v2\/pages\/14\/revisions\/1293"}],"wp:attachment":[{"href":"https:\/\/shirtshop.ee\/et\/wp-json\/wp\/v2\/media?parent=14"}],"curies":[{"name":"wp","href":"https:\/\/api.w.org\/{rel}","templated":true}]}}